{"id":2378,"date":"2025-08-28T09:30:13","date_gmt":"2025-08-28T06:30:13","guid":{"rendered":"https:\/\/nordicon.fi\/unternehmenstransaktionen\/"},"modified":"2025-08-28T09:30:14","modified_gmt":"2025-08-28T06:30:14","slug":"unternehmenstransaktionen","status":"publish","type":"page","link":"https:\/\/nordicon.fi\/de\/unternehmenstransaktionen\/","title":{"rendered":"UNTERNEHMENSTRANSAKTIONEN"},"content":{"rendered":"<p>[et_pb_section fb_built=&#8220;1&#8243; next_background_color=&#8220;#f7f7f7&#8243; admin_label=&#8220;Hero Section&#8220; _builder_version=&#8220;4.16&#8243; use_background_color_gradient=&#8220;on&#8220; background_color_gradient_stops=&#8220;rgba(0,0,0,0.4) 0%|rgba(0,0,0,0.4) 100%&#8220; background_color_gradient_overlays_image=&#8220;on&#8220; background_color_gradient_start=&#8220;rgba(0,0,0,0.4)&#8220; background_color_gradient_end=&#8220;rgba(0,0,0,0.4)&#8220; background_image=&#8220;https:\/\/nordicon.fi\/wp-content\/uploads\/2019\/09\/asuntopalvelut-nordicon.jpg&#8220; background_position=&#8220;center_right&#8220; custom_padding=&#8220;10%||16%|&#8220; top_divider_height_tablet=&#8220;&#8220; top_divider_height_phone=&#8220;0px&#8220; top_divider_height_last_edited=&#8220;on|phone&#8220; bottom_divider_style=&#8220;slant&#8220; bottom_divider_height=&#8220;60px&#8220; background_color_gradient_stops_tablet=&#8220;rgba(0,0,0,0.4) 0%|rgba(0,0,0,0.4) 100%&#8220; background_color_gradient_stops_phone=&#8220;rgba(0,0,0,0.4) 0%|rgba(0,0,0,0.4) 100%&#8220; global_module=&#8220;46&#8243; saved_tabs=&#8220;all&#8220; global_colors_info=&#8220;{}&#8220; background_color_gradient_direction__hover=&#8220;180deg&#8220; background_color_gradient_direction__hover_enabled=&#8220;180deg&#8220; background_color_gradient_start_position__hover=&#8220;0%&#8220; background_color_gradient_start_position__hover_enabled=&#8220;0%&#8220; background_color_gradient_end_position__hover=&#8220;100%&#8220; background_color_gradient_end_position__hover_enabled=&#8220;100%&#8220; background_color_gradient_stops__hover=&#8220;rgba(0,0,0,0.4) 0%|rgba(0,0,0,0.4) 100%&#8220;][et_pb_row _builder_version=&#8220;4.16&#8243; global_colors_info=&#8220;{}&#8220;][et_pb_column type=&#8220;4_4&#8243; _builder_version=&#8220;4.16&#8243; custom_padding=&#8220;|||&#8220; global_colors_info=&#8220;{}&#8220; custom_padding__hover=&#8220;|||&#8220;][et_pb_text content_tablet=&#8220;<\/p>\n<h1>Dienstleistungen<\/h1>\n<h2>mit solider Expertise<\/h2>\n<p>&#8220; content_phone=&#8220;<\/p>\n<\/p>\n<h1>Dienstleistungen<\/h1>\n<h2>mit solider Expertise<\/h2>\n<\/p>\n<p>&#8220; content_last_edited=&#8220;on|phone&#8220; admin_label=&#8220;Hero Section Title&#8220; _builder_version=&#8220;4.16&#8243; text_font=&#8220;|||on|||||&#8220; text_font_size=&#8220;18px&#8220; header_text_align=&#8220;center&#8220; header_font_size=&#8220;48px&#8220; header_2_font=&#8220;Montserrat|700|||||||&#8220; header_2_text_color=&#8220;rgba(255,255,255,0.6)&#8220; header_2_font_size=&#8220;90px&#8220; custom_margin=&#8220;||60px|&#8220; text_font_size_last_edited=&#8220;off|phone&#8220; header_font_phone=&#8220;Montserrat|600||on|||||&#8220; header_font_size_phone=&#8220;35px&#8220; header_2_font_phone=&#8220;Montserrat|700||on|||||&#8220; header_2_text_align_phone=&#8220;center&#8220; header_2_font_size_tablet=&#8220;69px&#8220; header_2_font_size_phone=&#8220;18px&#8220; global_colors_info=&#8220;{}&#8220;]<\/p>\n<h1>Dienstleistungen<\/h1>\n<h2>mit solider Expertise<\/h2>\n<p>[\/et_pb_text][et_pb_button button_url=&#8220;https:\/\/nordicon.fi\/yhteystiedot\/&#8220; button_text=&#8220;Kontakt aufnehmen&#8220; button_alignment=&#8220;center&#8220; _builder_version=&#8220;4.16&#8243; custom_button=&#8220;on&#8220; button_text_size=&#8220;16px&#8220; button_text_color=&#8220;#ffffff&#8220; button_bg_color=&#8220;#f16334&#8243; button_border_width=&#8220;0px&#8220; button_letter_spacing=&#8220;2px&#8220; button_font=&#8220;Montserrat|600||on|||||&#8220; custom_margin=&#8220;|||&#8220; custom_padding=&#8220;12px||12px|&#8220; animation_style=&#8220;fade&#8220; button_letter_spacing_hover=&#8220;2px&#8220; global_colors_info=&#8220;{}&#8220; button_text_size__hover_enabled=&#8220;off&#8220; button_one_text_size__hover_enabled=&#8220;off&#8220; button_two_text_size__hover_enabled=&#8220;off&#8220; button_text_color__hover_enabled=&#8220;off&#8220; button_one_text_color__hover_enabled=&#8220;off&#8220; button_two_text_color__hover_enabled=&#8220;off&#8220; button_border_width__hover_enabled=&#8220;off&#8220; button_one_border_width__hover_enabled=&#8220;off&#8220; button_two_border_width__hover_enabled=&#8220;off&#8220; button_border_color__hover_enabled=&#8220;off&#8220; button_one_border_color__hover_enabled=&#8220;off&#8220; button_two_border_color__hover_enabled=&#8220;off&#8220; button_border_radius__hover_enabled=&#8220;off&#8220; button_one_border_radius__hover_enabled=&#8220;off&#8220; button_two_border_radius__hover_enabled=&#8220;off&#8220; button_letter_spacing__hover_enabled=&#8220;on&#8220; button_letter_spacing__hover=&#8220;2px&#8220; button_one_letter_spacing__hover_enabled=&#8220;off&#8220; button_two_letter_spacing__hover_enabled=&#8220;off&#8220; button_bg_color__hover_enabled=&#8220;off&#8220; button_one_bg_color__hover_enabled=&#8220;off&#8220; button_two_bg_color__hover_enabled=&#8220;off&#8220;][\/et_pb_button][\/et_pb_column][\/et_pb_row][\/et_pb_section][et_pb_section fb_built=&#8220;1&#8243; admin_label=&#8220;About Section&#8220; _builder_version=&#8220;4.16&#8243; background_color=&#8220;#f7f7f7&#8243; custom_padding=&#8220;90px||90px|&#8220; global_colors_info=&#8220;{}&#8220;][et_pb_row admin_label=&#8220;Section Title&#8220; _builder_version=&#8220;4.16&#8243; custom_margin=&#8220;|||&#8220; custom_padding=&#8220;27px|0px|27px|0px&#8220; locked=&#8220;off&#8220; global_colors_info=&#8220;{}&#8220;][et_pb_column type=&#8220;4_4&#8243; _builder_version=&#8220;4.16&#8243; custom_padding=&#8220;|||&#8220; global_colors_info=&#8220;{}&#8220; custom_padding__hover=&#8220;|||&#8220;][et_pb_text admin_label=&#8220;Title&#8220; _builder_version=&#8220;4.27.4&#8243; custom_padding=&#8220;||||false|false&#8220; hover_enabled=&#8220;0&#8243; text_font_tablet=&#8220;&#8220; text_font_phone=&#8220;&#8220; text_font_last_edited=&#8220;on|desktop&#8220; text_font_size_tablet=&#8220;&#8220; text_font_size_phone=&#8220;16px&#8220; text_font_size_last_edited=&#8220;on|phone&#8220; header_2_font_size_phone=&#8220;20px&#8220; global_colors_info=&#8220;{}&#8220; header_2_font_size=&#8220;30px&#8220; sticky_enabled=&#8220;0&#8243;]<\/p>\n<h2 style=\"text-align: left;\">UNTERNEHMENSTRANSAKTIONEN<\/h2>\n<p>[\/et_pb_text][et_pb_divider show_divider=&#8220;off&#8220; _builder_version=&#8220;4.16&#8243; max_width=&#8220;23px&#8220; module_alignment=&#8220;center&#8220; animation_style=&#8220;slide&#8220; animation_direction=&#8220;top&#8220; animation_intensity_slide=&#8220;20%&#8220; animation_starting_opacity=&#8220;100%&#8220; global_colors_info=&#8220;{}&#8220;][\/et_pb_divider][et_pb_text admin_label=&#8220;Title&#8220; _builder_version=&#8220;4.16&#8243; _module_preset=&#8220;default&#8220; hover_enabled=&#8220;0&#8243; text_font_phone=&#8220;Default||||||||&#8220; global_colors_info=&#8220;{}&#8220; sticky_enabled=&#8220;0&#8243;]<\/p>\n<p style=\"text-align: left;\">Unsere Abteilung f\u00fcr Unternehmenstransaktionen ist verantwortlich f\u00fcr Unternehmensverk\u00e4ufe, Managementberatung sowie verschiedene Eigenkapital- und Branchenumstrukturierungen. Wir sind ein unabh\u00e4ngiger, finnischer Berater f\u00fcr Unternehmenstransaktionen und arbeiten mit einigen in- und ausl\u00e4ndischen Private-Equity-Investoren zusammen, die sich auf den Erwerb und die aktive Entwicklung kleiner und mittlerer Unternehmen unterschiedlicher Branchen im Inland konzentrieren. Wir arbeiten eng mit dem Management der zu verkaufenden, zu restrukturierenden oder mit Kapital zu versehenden Unternehmen zusammen. Auf diese Weise schaffen wir nachhaltigen und langfristigen Mehrwert durch Wachstum, Entwicklung und Ver\u00e4nderung \u2013 in Zusammenarbeit mit Investoren und Finanzpartnern. \u00dcber uns ist zudem ein Netzwerk von inl\u00e4ndischen Privatinvestoren aktiv, dessen Zusammensetzung je nach Unternehmensgr\u00f6\u00dfe, Branche oder Transaktionsumfang variiert.    <\/p>\n<p style=\"text-align: left;\">Wir beraten unsere Kunden in allen Unternehmensverk\u00e4ufen und -transaktionen zu verschiedenen Teilaspekten, wie z. B. Unternehmensbewertung und beh\u00f6rdlichen Fragestellungen. Wir \u00fcbernehmen die gesamte Due-Diligence-Pr\u00fcfung und erstellen eine umfassende Analyse des Verkaufs- bzw. Kaufobjekts. Die Analyse deckt alle wesentlichen Punkte ab, die f\u00fcr eine sorgf\u00e4ltig vorbereitete Entscheidung \u00fcber einen Unternehmensverkauf oder eine Umstrukturierung erforderlich sind.   <\/p>\n<p style=\"text-align: left;\">In unserem Netzwerk finden sich stets u. a. auf M&amp;A und Steuerrecht spezialisierte Juristen sowie eine Reihe von Experten f\u00fcr Rechnungswesen, Besteuerung und Wirtschaftspr\u00fcfung.<\/p>\n<p style=\"text-align: left;\">Unsere Dienstleistungen umfassen alle Teilbereiche von Unternehmenstransaktionen: Beratung von K\u00e4ufern und Verk\u00e4ufern, verschiedene Analysen, Preis- und Objektbewertungen, Finanzierungs- und Steuerberatung, Gesch\u00e4ftsplanung und -entwicklung, Vertragsgestaltung sowie selbstverst\u00e4ndlich die praktische Umsetzung der gesamten Transaktion \u2013 einschlie\u00dflich Marketing.<\/p>\n<p style=\"text-align: left;\">Unser Team besteht aus hochqualifizierten Fachleuten, von denen die meisten einen Hochschulabschluss besitzen und alle zudem \u00fcber fundierte Erfahrung in der Unternehmensf\u00fchrung und\/oder Unternehmert\u00e4tigkeit verf\u00fcgen. Dank ihrer breiten Erfahrung und Ausbildung sind unsere Mitarbeiter in der Lage, die unterschiedlichsten Herausforderungen im Zusammenhang mit Unternehmensverk\u00e4ufen zu meistern. Unterst\u00fctzt werden sie dabei von unserem Kooperationsnetzwerk aus Spezialisten verschiedenster Fachbereiche. Eine unserer gr\u00f6\u00dften St\u00e4rken ist genau dieses interdisziplin\u00e4re Netzwerk.  <\/p>\n<p style=\"text-align: left;\">Wir bieten unabh\u00e4ngige Corporate-Finance-Beratung landesweit an. Unsere Unabh\u00e4ngigkeit von Finanzierungsquellen garantiert Ihnen eine objektive Beratung in allen Unternehmenstransaktionen. <\/p>\n<p>[\/et_pb_text][\/et_pb_column][\/et_pb_row][\/et_pb_section][et_pb_section fb_built=&#8220;1&#8243; admin_label=&#8220;Footer Section&#8220; _builder_version=&#8220;4.16&#8243; background_image=&#8220;https:\/\/nordicon.fi\/wp-content\/uploads\/2020\/08\/construction-drawings.webp&#8220; background_position=&#8220;top_center&#8220; custom_padding=&#8220;90px||90px|&#8220; global_colors_info=&#8220;{}&#8220; theme_builder_area=&#8220;post_content&#8220;][et_pb_row admin_label=&#8220;Contact Form Area&#8220; _builder_version=&#8220;4.16&#8243; global_colors_info=&#8220;{}&#8220; theme_builder_area=&#8220;post_content&#8220;][et_pb_column type=&#8220;4_4&#8243; _builder_version=&#8220;4.16&#8243; custom_padding=&#8220;|||&#8220; global_colors_info=&#8220;{}&#8220; custom_padding__hover=&#8220;|||&#8220; theme_builder_area=&#8220;post_content&#8220;][et_pb_heading title=&#8220;KONTAKT&#8220; _builder_version=&#8220;4.27.4&#8243; _module_preset=&#8220;default&#8220; global_colors_info=&#8220;{}&#8220; theme_builder_area=&#8220;post_content&#8220;][\/et_pb_heading][et_pb_contact_form captcha=&#8220;off&#8220; email=&#8220;klaus.juhantalo@gmail.com,arto.merisalo@nordicon.fi&#8220; success_message=&#8220;Danke f\u00fcr Ihre Kontaktaufnahme! Wir melden uns umgehend bei Ihnen! &#8220; submit_button_text=&#8220;Senden&#8220; module_id=&#8220;et_pb_contact_form_0&#8243; _builder_version=&#8220;4.16&#8243; _unique_id=&#8220;5bb6c822-a2b7-43ca-a1b3-c842c10704e6&#8243; form_field_background_color=&#8220;#ffffff&#8220; form_field_font=&#8220;Montserrat|300|||||||&#8220; form_field_font_size=&#8220;16px&#8220; custom_button=&#8220;on&#8220; button_text_size=&#8220;16px&#8220; button_text_color=&#8220;#ffffff&#8220; button_bg_color=&#8220;#f16334&#8243; button_border_width=&#8220;8px&#8220; button_border_color=&#8220;#f16334&#8243; button_letter_spacing=&#8220;2px&#8220; button_font=&#8220;Montserrat|600||on|||||&#8220; animation_style=&#8220;fade&#8220; border_width_all=&#8220;1px&#8220; border_color_all=&#8220;rgba(0,0,0,0.12)&#8220; form_background_color=&#8220;#ffffff&#8220; global_colors_info=&#8220;{}&#8220; theme_builder_area=&#8220;post_content&#8220;][et_pb_contact_field field_id=&#8220;Nimi&#8220; field_title=&#8220;Name&#8220; fullwidth_field=&#8220;on&#8220; _builder_version=&#8220;4.16&#8243; global_colors_info=&#8220;{}&#8220; button_text_size__hover_enabled=&#8220;off&#8220; button_one_text_size__hover_enabled=&#8220;off&#8220; button_two_text_size__hover_enabled=&#8220;off&#8220; button_text_color__hover_enabled=&#8220;off&#8220; button_one_text_color__hover_enabled=&#8220;off&#8220; button_two_text_color__hover_enabled=&#8220;off&#8220; button_border_width__hover_enabled=&#8220;off&#8220; button_one_border_width__hover_enabled=&#8220;off&#8220; button_two_border_width__hover_enabled=&#8220;off&#8220; button_border_color__hover_enabled=&#8220;off&#8220; button_one_border_color__hover_enabled=&#8220;off&#8220; button_two_border_color__hover_enabled=&#8220;off&#8220; button_border_radius__hover_enabled=&#8220;off&#8220; button_one_border_radius__hover_enabled=&#8220;off&#8220; button_two_border_radius__hover_enabled=&#8220;off&#8220; button_letter_spacing__hover_enabled=&#8220;off&#8220; button_one_letter_spacing__hover_enabled=&#8220;off&#8220; button_two_letter_spacing__hover_enabled=&#8220;off&#8220; button_bg_color__hover_enabled=&#8220;off&#8220; button_one_bg_color__hover_enabled=&#8220;off&#8220; button_two_bg_color__hover_enabled=&#8220;off&#8220; theme_builder_area=&#8220;post_content&#8220;][\/et_pb_contact_field][et_pb_contact_field field_id=&#8220;S\u00e4hk\u00f6posti&#8220; field_title=&#8220;E-Mail&#8220; field_type=&#8220;email&#8220; fullwidth_field=&#8220;on&#8220; _builder_version=&#8220;4.16&#8243; global_colors_info=&#8220;{}&#8220; button_text_size__hover_enabled=&#8220;off&#8220; button_one_text_size__hover_enabled=&#8220;off&#8220; button_two_text_size__hover_enabled=&#8220;off&#8220; button_text_color__hover_enabled=&#8220;off&#8220; button_one_text_color__hover_enabled=&#8220;off&#8220; button_two_text_color__hover_enabled=&#8220;off&#8220; button_border_width__hover_enabled=&#8220;off&#8220; button_one_border_width__hover_enabled=&#8220;off&#8220; button_two_border_width__hover_enabled=&#8220;off&#8220; button_border_color__hover_enabled=&#8220;off&#8220; button_one_border_color__hover_enabled=&#8220;off&#8220; button_two_border_color__hover_enabled=&#8220;off&#8220; button_border_radius__hover_enabled=&#8220;off&#8220; button_one_border_radius__hover_enabled=&#8220;off&#8220; button_two_border_radius__hover_enabled=&#8220;off&#8220; button_letter_spacing__hover_enabled=&#8220;off&#8220; button_one_letter_spacing__hover_enabled=&#8220;off&#8220; button_two_letter_spacing__hover_enabled=&#8220;off&#8220; button_bg_color__hover_enabled=&#8220;off&#8220; button_one_bg_color__hover_enabled=&#8220;off&#8220; button_two_bg_color__hover_enabled=&#8220;off&#8220; theme_builder_area=&#8220;post_content&#8220;][\/et_pb_contact_field][et_pb_contact_field field_id=&#8220;Aihe&#8220; field_title=&#8220;Betreff&#8220; max_length=&#8220;71&#8243; fullwidth_field=&#8220;on&#8220; _builder_version=&#8220;4.16&#8243; global_colors_info=&#8220;{}&#8220; button_text_size__hover_enabled=&#8220;off&#8220; button_one_text_size__hover_enabled=&#8220;off&#8220; button_two_text_size__hover_enabled=&#8220;off&#8220; button_text_color__hover_enabled=&#8220;off&#8220; button_one_text_color__hover_enabled=&#8220;off&#8220; button_two_text_color__hover_enabled=&#8220;off&#8220; button_border_width__hover_enabled=&#8220;off&#8220; button_one_border_width__hover_enabled=&#8220;off&#8220; button_two_border_width__hover_enabled=&#8220;off&#8220; button_border_color__hover_enabled=&#8220;off&#8220; button_one_border_color__hover_enabled=&#8220;off&#8220; button_two_border_color__hover_enabled=&#8220;off&#8220; button_border_radius__hover_enabled=&#8220;off&#8220; button_one_border_radius__hover_enabled=&#8220;off&#8220; button_two_border_radius__hover_enabled=&#8220;off&#8220; button_letter_spacing__hover_enabled=&#8220;off&#8220; button_one_letter_spacing__hover_enabled=&#8220;off&#8220; button_two_letter_spacing__hover_enabled=&#8220;off&#8220; button_bg_color__hover_enabled=&#8220;off&#8220; button_one_bg_color__hover_enabled=&#8220;off&#8220; button_two_bg_color__hover_enabled=&#8220;off&#8220; theme_builder_area=&#8220;post_content&#8220;][\/et_pb_contact_field][et_pb_contact_field field_id=&#8220;Viesti&#8220; field_title=&#8220;Nachricht&#8220; field_type=&#8220;text&#8220; fullwidth_field=&#8220;on&#8220; _builder_version=&#8220;4.16&#8243; global_colors_info=&#8220;{}&#8220; button_text_size__hover_enabled=&#8220;off&#8220; button_one_text_size__hover_enabled=&#8220;off&#8220; button_two_text_size__hover_enabled=&#8220;off&#8220; button_text_color__hover_enabled=&#8220;off&#8220; button_one_text_color__hover_enabled=&#8220;off&#8220; button_two_text_color__hover_enabled=&#8220;off&#8220; button_border_width__hover_enabled=&#8220;off&#8220; button_one_border_width__hover_enabled=&#8220;off&#8220; button_two_border_width__hover_enabled=&#8220;off&#8220; button_border_color__hover_enabled=&#8220;off&#8220; button_one_border_color__hover_enabled=&#8220;off&#8220; button_two_border_color__hover_enabled=&#8220;off&#8220; button_border_radius__hover_enabled=&#8220;off&#8220; button_one_border_radius__hover_enabled=&#8220;off&#8220; button_two_border_radius__hover_enabled=&#8220;off&#8220; button_letter_spacing__hover_enabled=&#8220;off&#8220; button_one_letter_spacing__hover_enabled=&#8220;off&#8220; button_two_letter_spacing__hover_enabled=&#8220;off&#8220; button_bg_color__hover_enabled=&#8220;off&#8220; button_one_bg_color__hover_enabled=&#8220;off&#8220; button_two_bg_color__hover_enabled=&#8220;off&#8220; theme_builder_area=&#8220;post_content&#8220;][\/et_pb_contact_field][\/et_pb_contact_form][\/et_pb_column][\/et_pb_row][\/et_pb_section]<\/p>\n","protected":false},"excerpt":{"rendered":"<p>Dienstleistungen mit solider ExpertiseUNTERNEHMENSTRANSAKTIONENUnsere Abteilung f\u00fcr Unternehmenstransaktionen ist verantwortlich f\u00fcr Unternehmensverk\u00e4ufe, Managementberatung sowie verschiedene Eigenkapital- und Branchenumstrukturierungen. Wir sind ein unabh\u00e4ngiger, finnischer Berater f\u00fcr Unternehmenstransaktionen und arbeiten mit einigen in- und ausl\u00e4ndischen Private-Equity-Investoren zusammen, die sich auf den Erwerb und die aktive Entwicklung kleiner und mittlerer Unternehmen unterschiedlicher Branchen im Inland konzentrieren. Wir arbeiten eng [&hellip;]<\/p>\n","protected":false},"author":1,"featured_media":2858,"parent":0,"menu_order":0,"comment_status":"closed","ping_status":"closed","template":"","meta":{"_et_pb_use_builder":"on","_et_pb_old_content":"","_et_gb_content_width":"","footnotes":""},"class_list":["post-2378","page","type-page","status-publish","has-post-thumbnail","hentry"],"yoast_head":"<!-- This site is optimized with the Yoast SEO plugin v27.4 - https:\/\/yoast.com\/product\/yoast-seo-wordpress\/ -->\n<title>UNTERNEHMENSTRANSAKTIONEN - Nordicon.fi<\/title>\n<meta name=\"robots\" content=\"index, follow, max-snippet:-1, max-image-preview:large, max-video-preview:-1\" \/>\n<link rel=\"canonical\" href=\"https:\/\/nordicon.fi\/de\/unternehmenstransaktionen\/\" \/>\n<meta property=\"og:locale\" content=\"de_DE\" \/>\n<meta property=\"og:type\" content=\"article\" \/>\n<meta property=\"og:title\" content=\"UNTERNEHMENSTRANSAKTIONEN - Nordicon.fi\" \/>\n<meta property=\"og:description\" content=\"Dienstleistungen mit solider ExpertiseUNTERNEHMENSTRANSAKTIONENUnsere Abteilung f\u00fcr Unternehmenstransaktionen ist verantwortlich f\u00fcr Unternehmensverk\u00e4ufe, Managementberatung sowie verschiedene Eigenkapital- und Branchenumstrukturierungen. Wir sind ein unabh\u00e4ngiger, finnischer Berater f\u00fcr Unternehmenstransaktionen und arbeiten mit einigen in- und ausl\u00e4ndischen Private-Equity-Investoren zusammen, die sich auf den Erwerb und die aktive Entwicklung kleiner und mittlerer Unternehmen unterschiedlicher Branchen im Inland konzentrieren. Wir arbeiten eng [&hellip;]\" \/>\n<meta property=\"og:url\" content=\"https:\/\/nordicon.fi\/de\/unternehmenstransaktionen\/\" \/>\n<meta property=\"og:site_name\" content=\"Nordicon.fi\" \/>\n<meta property=\"article:modified_time\" content=\"2025-08-28T06:30:14+00:00\" \/>\n<meta name=\"twitter:card\" content=\"summary_large_image\" \/>\n<meta name=\"twitter:label1\" content=\"Gesch\u00e4tzte Lesezeit\" \/>\n\t<meta name=\"twitter:data1\" content=\"10\u00a0Minuten\" \/>\n<script type=\"application\/ld+json\" class=\"yoast-schema-graph\">{\"@context\":\"https:\\\/\\\/schema.org\",\"@graph\":[{\"@type\":\"WebPage\",\"@id\":\"https:\\\/\\\/nordicon.fi\\\/de\\\/unternehmenstransaktionen\\\/\",\"url\":\"https:\\\/\\\/nordicon.fi\\\/de\\\/unternehmenstransaktionen\\\/\",\"name\":\"UNTERNEHMENSTRANSAKTIONEN - Nordicon.fi\",\"isPartOf\":{\"@id\":\"https:\\\/\\\/nordicon.fi\\\/#website\"},\"primaryImageOfPage\":{\"@id\":\"https:\\\/\\\/nordicon.fi\\\/de\\\/unternehmenstransaktionen\\\/#primaryimage\"},\"image\":{\"@id\":\"https:\\\/\\\/nordicon.fi\\\/de\\\/unternehmenstransaktionen\\\/#primaryimage\"},\"thumbnailUrl\":\"https:\\\/\\\/nordicon.fi\\\/wp-content\\\/uploads\\\/2025\\\/09\\\/nordicon-featured-image-1.jpg\",\"datePublished\":\"2025-08-28T06:30:13+00:00\",\"dateModified\":\"2025-08-28T06:30:14+00:00\",\"breadcrumb\":{\"@id\":\"https:\\\/\\\/nordicon.fi\\\/de\\\/unternehmenstransaktionen\\\/#breadcrumb\"},\"inLanguage\":\"de\",\"potentialAction\":[{\"@type\":\"ReadAction\",\"target\":[\"https:\\\/\\\/nordicon.fi\\\/de\\\/unternehmenstransaktionen\\\/\"]}]},{\"@type\":\"ImageObject\",\"inLanguage\":\"de\",\"@id\":\"https:\\\/\\\/nordicon.fi\\\/de\\\/unternehmenstransaktionen\\\/#primaryimage\",\"url\":\"https:\\\/\\\/nordicon.fi\\\/wp-content\\\/uploads\\\/2025\\\/09\\\/nordicon-featured-image-1.jpg\",\"contentUrl\":\"https:\\\/\\\/nordicon.fi\\\/wp-content\\\/uploads\\\/2025\\\/09\\\/nordicon-featured-image-1.jpg\",\"width\":1200,\"height\":628},{\"@type\":\"BreadcrumbList\",\"@id\":\"https:\\\/\\\/nordicon.fi\\\/de\\\/unternehmenstransaktionen\\\/#breadcrumb\",\"itemListElement\":[{\"@type\":\"ListItem\",\"position\":1,\"name\":\"Home\",\"item\":\"https:\\\/\\\/nordicon.fi\\\/de\\\/etusivu-uusi-22-9\\\/\"},{\"@type\":\"ListItem\",\"position\":2,\"name\":\"UNTERNEHMENSTRANSAKTIONEN\"}]},{\"@type\":\"WebSite\",\"@id\":\"https:\\\/\\\/nordicon.fi\\\/#website\",\"url\":\"https:\\\/\\\/nordicon.fi\\\/\",\"name\":\"Nordicon.fi\",\"description\":\"Kiinteist\u00f6liiketoiminnan ketter\u00e4 moniosaaja !\",\"potentialAction\":[{\"@type\":\"SearchAction\",\"target\":{\"@type\":\"EntryPoint\",\"urlTemplate\":\"https:\\\/\\\/nordicon.fi\\\/?s={search_term_string}\"},\"query-input\":{\"@type\":\"PropertyValueSpecification\",\"valueRequired\":true,\"valueName\":\"search_term_string\"}}],\"inLanguage\":\"de\"}]}<\/script>\n<!-- \/ Yoast SEO plugin. -->","yoast_head_json":{"title":"UNTERNEHMENSTRANSAKTIONEN - Nordicon.fi","robots":{"index":"index","follow":"follow","max-snippet":"max-snippet:-1","max-image-preview":"max-image-preview:large","max-video-preview":"max-video-preview:-1"},"canonical":"https:\/\/nordicon.fi\/de\/unternehmenstransaktionen\/","og_locale":"de_DE","og_type":"article","og_title":"UNTERNEHMENSTRANSAKTIONEN - Nordicon.fi","og_description":"Dienstleistungen mit solider ExpertiseUNTERNEHMENSTRANSAKTIONENUnsere Abteilung f\u00fcr Unternehmenstransaktionen ist verantwortlich f\u00fcr Unternehmensverk\u00e4ufe, Managementberatung sowie verschiedene Eigenkapital- und Branchenumstrukturierungen. Wir sind ein unabh\u00e4ngiger, finnischer Berater f\u00fcr Unternehmenstransaktionen und arbeiten mit einigen in- und ausl\u00e4ndischen Private-Equity-Investoren zusammen, die sich auf den Erwerb und die aktive Entwicklung kleiner und mittlerer Unternehmen unterschiedlicher Branchen im Inland konzentrieren. Wir arbeiten eng [&hellip;]","og_url":"https:\/\/nordicon.fi\/de\/unternehmenstransaktionen\/","og_site_name":"Nordicon.fi","article_modified_time":"2025-08-28T06:30:14+00:00","twitter_card":"summary_large_image","twitter_misc":{"Gesch\u00e4tzte Lesezeit":"10\u00a0Minuten"},"schema":{"@context":"https:\/\/schema.org","@graph":[{"@type":"WebPage","@id":"https:\/\/nordicon.fi\/de\/unternehmenstransaktionen\/","url":"https:\/\/nordicon.fi\/de\/unternehmenstransaktionen\/","name":"UNTERNEHMENSTRANSAKTIONEN - Nordicon.fi","isPartOf":{"@id":"https:\/\/nordicon.fi\/#website"},"primaryImageOfPage":{"@id":"https:\/\/nordicon.fi\/de\/unternehmenstransaktionen\/#primaryimage"},"image":{"@id":"https:\/\/nordicon.fi\/de\/unternehmenstransaktionen\/#primaryimage"},"thumbnailUrl":"https:\/\/nordicon.fi\/wp-content\/uploads\/2025\/09\/nordicon-featured-image-1.jpg","datePublished":"2025-08-28T06:30:13+00:00","dateModified":"2025-08-28T06:30:14+00:00","breadcrumb":{"@id":"https:\/\/nordicon.fi\/de\/unternehmenstransaktionen\/#breadcrumb"},"inLanguage":"de","potentialAction":[{"@type":"ReadAction","target":["https:\/\/nordicon.fi\/de\/unternehmenstransaktionen\/"]}]},{"@type":"ImageObject","inLanguage":"de","@id":"https:\/\/nordicon.fi\/de\/unternehmenstransaktionen\/#primaryimage","url":"https:\/\/nordicon.fi\/wp-content\/uploads\/2025\/09\/nordicon-featured-image-1.jpg","contentUrl":"https:\/\/nordicon.fi\/wp-content\/uploads\/2025\/09\/nordicon-featured-image-1.jpg","width":1200,"height":628},{"@type":"BreadcrumbList","@id":"https:\/\/nordicon.fi\/de\/unternehmenstransaktionen\/#breadcrumb","itemListElement":[{"@type":"ListItem","position":1,"name":"Home","item":"https:\/\/nordicon.fi\/de\/etusivu-uusi-22-9\/"},{"@type":"ListItem","position":2,"name":"UNTERNEHMENSTRANSAKTIONEN"}]},{"@type":"WebSite","@id":"https:\/\/nordicon.fi\/#website","url":"https:\/\/nordicon.fi\/","name":"Nordicon.fi","description":"Kiinteist\u00f6liiketoiminnan ketter\u00e4 moniosaaja !","potentialAction":[{"@type":"SearchAction","target":{"@type":"EntryPoint","urlTemplate":"https:\/\/nordicon.fi\/?s={search_term_string}"},"query-input":{"@type":"PropertyValueSpecification","valueRequired":true,"valueName":"search_term_string"}}],"inLanguage":"de"}]}},"_links":{"self":[{"href":"https:\/\/nordicon.fi\/de\/wp-json\/wp\/v2\/pages\/2378","targetHints":{"allow":["GET"]}}],"collection":[{"href":"https:\/\/nordicon.fi\/de\/wp-json\/wp\/v2\/pages"}],"about":[{"href":"https:\/\/nordicon.fi\/de\/wp-json\/wp\/v2\/types\/page"}],"author":[{"embeddable":true,"href":"https:\/\/nordicon.fi\/de\/wp-json\/wp\/v2\/users\/1"}],"replies":[{"embeddable":true,"href":"https:\/\/nordicon.fi\/de\/wp-json\/wp\/v2\/comments?post=2378"}],"version-history":[{"count":2,"href":"https:\/\/nordicon.fi\/de\/wp-json\/wp\/v2\/pages\/2378\/revisions"}],"predecessor-version":[{"id":2380,"href":"https:\/\/nordicon.fi\/de\/wp-json\/wp\/v2\/pages\/2378\/revisions\/2380"}],"wp:featuredmedia":[{"embeddable":true,"href":"https:\/\/nordicon.fi\/de\/wp-json\/wp\/v2\/media\/2858"}],"wp:attachment":[{"href":"https:\/\/nordicon.fi\/de\/wp-json\/wp\/v2\/media?parent=2378"}],"curies":[{"name":"wp","href":"https:\/\/api.w.org\/{rel}","templated":true}]}}