{"id":2384,"date":"2025-08-28T09:33:21","date_gmt":"2025-08-28T06:33:21","guid":{"rendered":"https:\/\/nordicon.fi\/immobilienbewertung\/"},"modified":"2025-08-28T09:33:22","modified_gmt":"2025-08-28T06:33:22","slug":"immobilienbewertung","status":"publish","type":"page","link":"https:\/\/nordicon.fi\/de\/immobilienbewertung\/","title":{"rendered":"IMMOBILIENBEWERTUNG"},"content":{"rendered":"<p>[et_pb_section fb_built=&#8220;1&#8243; next_background_color=&#8220;#f7f7f7&#8243; admin_label=&#8220;Hero Section&#8220; _builder_version=&#8220;4.16&#8243; use_background_color_gradient=&#8220;on&#8220; background_color_gradient_stops=&#8220;rgba(0,0,0,0.4) 0%|rgba(0,0,0,0.4) 100%&#8220; background_color_gradient_overlays_image=&#8220;on&#8220; background_color_gradient_start=&#8220;rgba(0,0,0,0.4)&#8220; background_color_gradient_end=&#8220;rgba(0,0,0,0.4)&#8220; background_image=&#8220;https:\/\/nordicon.fi\/wp-content\/uploads\/2019\/09\/asuntopalvelut-nordicon.jpg&#8220; background_position=&#8220;center_right&#8220; custom_padding=&#8220;10%||16%|&#8220; top_divider_height_tablet=&#8220;&#8220; top_divider_height_phone=&#8220;0px&#8220; top_divider_height_last_edited=&#8220;on|phone&#8220; bottom_divider_style=&#8220;slant&#8220; bottom_divider_height=&#8220;60px&#8220; background_color_gradient_stops_tablet=&#8220;rgba(0,0,0,0.4) 0%|rgba(0,0,0,0.4) 100%&#8220; background_color_gradient_stops_phone=&#8220;rgba(0,0,0,0.4) 0%|rgba(0,0,0,0.4) 100%&#8220; global_module=&#8220;46&#8243; saved_tabs=&#8220;all&#8220; global_colors_info=&#8220;{}&#8220; background_color_gradient_direction__hover=&#8220;180deg&#8220; background_color_gradient_direction__hover_enabled=&#8220;180deg&#8220; background_color_gradient_start_position__hover=&#8220;0%&#8220; background_color_gradient_start_position__hover_enabled=&#8220;0%&#8220; background_color_gradient_end_position__hover=&#8220;100%&#8220; background_color_gradient_end_position__hover_enabled=&#8220;100%&#8220; background_color_gradient_stops__hover=&#8220;rgba(0,0,0,0.4) 0%|rgba(0,0,0,0.4) 100%&#8220;][et_pb_row _builder_version=&#8220;4.16&#8243; global_colors_info=&#8220;{}&#8220;][et_pb_column type=&#8220;4_4&#8243; _builder_version=&#8220;4.16&#8243; custom_padding=&#8220;|||&#8220; global_colors_info=&#8220;{}&#8220; custom_padding__hover=&#8220;|||&#8220;][et_pb_text content_tablet=&#8220;<\/p>\n<h1>Dienstleistungen<\/h1>\n<h2>mit solider Expertise<\/h2>\n<p>&#8220; content_phone=&#8220;<\/p>\n<\/p>\n<h1>Dienstleistungen<\/h1>\n<h2>mit solider Expertise<\/h2>\n<\/p>\n<p>&#8220; content_last_edited=&#8220;on|phone&#8220; admin_label=&#8220;Hero Section Title&#8220; _builder_version=&#8220;4.16&#8243; text_font=&#8220;|||on|||||&#8220; text_font_size=&#8220;18px&#8220; header_text_align=&#8220;center&#8220; header_font_size=&#8220;48px&#8220; header_2_font=&#8220;Montserrat|700|||||||&#8220; header_2_text_color=&#8220;rgba(255,255,255,0.6)&#8220; header_2_font_size=&#8220;90px&#8220; custom_margin=&#8220;||60px|&#8220; text_font_size_last_edited=&#8220;off|phone&#8220; header_font_phone=&#8220;Montserrat|600||on|||||&#8220; header_font_size_phone=&#8220;35px&#8220; header_2_font_phone=&#8220;Montserrat|700||on|||||&#8220; header_2_text_align_phone=&#8220;center&#8220; header_2_font_size_tablet=&#8220;69px&#8220; header_2_font_size_phone=&#8220;18px&#8220; global_colors_info=&#8220;{}&#8220;]<\/p>\n<h1>Dienstleistungen<\/h1>\n<h2>mit solider Expertise<\/h2>\n<p>[\/et_pb_text][et_pb_button button_url=&#8220;https:\/\/nordicon.fi\/yhteystiedot\/&#8220; button_text=&#8220;Kontakt aufnehmen&#8220; button_alignment=&#8220;center&#8220; _builder_version=&#8220;4.16&#8243; custom_button=&#8220;on&#8220; button_text_size=&#8220;16px&#8220; button_text_color=&#8220;#ffffff&#8220; button_bg_color=&#8220;#f16334&#8243; button_border_width=&#8220;0px&#8220; button_letter_spacing=&#8220;2px&#8220; button_font=&#8220;Montserrat|600||on|||||&#8220; custom_margin=&#8220;|||&#8220; custom_padding=&#8220;12px||12px|&#8220; animation_style=&#8220;fade&#8220; button_letter_spacing_hover=&#8220;2px&#8220; global_colors_info=&#8220;{}&#8220; button_text_size__hover_enabled=&#8220;off&#8220; button_one_text_size__hover_enabled=&#8220;off&#8220; button_two_text_size__hover_enabled=&#8220;off&#8220; button_text_color__hover_enabled=&#8220;off&#8220; button_one_text_color__hover_enabled=&#8220;off&#8220; button_two_text_color__hover_enabled=&#8220;off&#8220; button_border_width__hover_enabled=&#8220;off&#8220; button_one_border_width__hover_enabled=&#8220;off&#8220; button_two_border_width__hover_enabled=&#8220;off&#8220; button_border_color__hover_enabled=&#8220;off&#8220; button_one_border_color__hover_enabled=&#8220;off&#8220; button_two_border_color__hover_enabled=&#8220;off&#8220; button_border_radius__hover_enabled=&#8220;off&#8220; button_one_border_radius__hover_enabled=&#8220;off&#8220; button_two_border_radius__hover_enabled=&#8220;off&#8220; button_letter_spacing__hover_enabled=&#8220;on&#8220; button_letter_spacing__hover=&#8220;2px&#8220; button_one_letter_spacing__hover_enabled=&#8220;off&#8220; button_two_letter_spacing__hover_enabled=&#8220;off&#8220; button_bg_color__hover_enabled=&#8220;off&#8220; button_one_bg_color__hover_enabled=&#8220;off&#8220; button_two_bg_color__hover_enabled=&#8220;off&#8220;][\/et_pb_button][\/et_pb_column][\/et_pb_row][\/et_pb_section][et_pb_section fb_built=&#8220;1&#8243; disabled_on=&#8220;off|off|off&#8220; admin_label=&#8220;About Section&#8220; _builder_version=&#8220;4.16&#8243; background_color=&#8220;#f7f7f7&#8243; custom_padding=&#8220;90px||90px|&#8220; global_colors_info=&#8220;{}&#8220;][et_pb_row admin_label=&#8220;Section Title&#8220; _builder_version=&#8220;4.16&#8243; custom_margin=&#8220;|||&#8220; custom_padding=&#8220;27px|0px|27px|0px&#8220; locked=&#8220;off&#8220; global_colors_info=&#8220;{}&#8220;][et_pb_column type=&#8220;4_4&#8243; _builder_version=&#8220;4.16&#8243; custom_padding=&#8220;|||&#8220; global_colors_info=&#8220;{}&#8220; custom_padding__hover=&#8220;|||&#8220;][et_pb_text admin_label=&#8220;Title&#8220; _builder_version=&#8220;4.27.4&#8243; width=&#8220;100%&#8220; custom_padding=&#8220;||||false|false&#8220; hover_enabled=&#8220;0&#8243; global_colors_info=&#8220;{}&#8220; header_2_font_size=&#8220;30px&#8220; sticky_enabled=&#8220;0&#8243;]<\/p>\n<h2 style=\"text-align: left;\">IMMOBILIENBEWERTUNG<\/h2>\n<p>[\/et_pb_text][et_pb_divider show_divider=&#8220;off&#8220; _builder_version=&#8220;4.16&#8243; max_width=&#8220;23px&#8220; module_alignment=&#8220;center&#8220; animation_style=&#8220;slide&#8220; animation_direction=&#8220;top&#8220; animation_intensity_slide=&#8220;20%&#8220; animation_starting_opacity=&#8220;100%&#8220; global_colors_info=&#8220;{}&#8220;][\/et_pb_divider][et_pb_text content_last_edited=&#8220;off|desktop&#8220; admin_label=&#8220;Title&#8220; _builder_version=&#8220;4.27.4&#8243; custom_margin=&#8220;||40px|&#8220; hover_enabled=&#8220;0&#8243; global_colors_info=&#8220;{}&#8220; link_font=&#8220;||||on|||#0C71C3|&#8220; link_text_color=&#8220;#0C71C3&#8243; sticky_enabled=&#8220;0&#8243;]<\/p>\n<p style=\"text-align: left;\">Unser Partnerunternehmen Suomen Kiinteist\u00f6arviointi Oy betreut Sie landesweit im Bereich Immobilienbewertung.<\/p>\n<p style=\"text-align: left;\">Suomen Kiinteist\u00f6arviointi Oy erstellt f\u00fcr Sie landesweit AKA- und KHK-Bewertungsberichte f\u00fcr verschiedene Wohn- und Gewerbeimmobilien, von kleinen bis gro\u00dfen Objekten und f\u00fcr verschiedene Immobilienportfolios. Ob Sie eine Immobilienbewertung f\u00fcr Finanzierung, Steuern, Buchhaltung\/Jahresabschluss oder andere immobilienbezogene Entscheidungen ben\u00f6tigen \u2013 Suomen Kiinteist\u00f6arviointi Oy betreut Sie in ganz Finnland und in allen Immobiliensektoren. <\/p>\n<p style=\"text-align: left;\">Kontakt:<\/p>\n<p style=\"text-align: left;\">SUOMEN KIINTEIST\u00d6ARVIOINTI OY<\/p>\n<p style=\"text-align: left;\"><a href=\"https:\/\/www.kiinteistoarviointi.com\/\" target=\"_blank\" rel=\"noopener\">kiinteistoarviointi.com<\/a><\/p>\n<p style=\"text-align: left;\">[\/et_pb_text][\/et_pb_column][\/et_pb_row][\/et_pb_section][et_pb_section fb_built=&#8220;1&#8243; admin_label=&#8220;Footer Section&#8220; _builder_version=&#8220;4.16&#8243; background_image=&#8220;https:\/\/nordicon.fi\/wp-content\/uploads\/2020\/08\/construction-drawings.webp&#8220; background_position=&#8220;top_center&#8220; custom_padding=&#8220;90px||90px|&#8220; global_colors_info=&#8220;{}&#8220; theme_builder_area=&#8220;post_content&#8220;][et_pb_row admin_label=&#8220;Contact Form Area&#8220; _builder_version=&#8220;4.16&#8243; global_colors_info=&#8220;{}&#8220; theme_builder_area=&#8220;post_content&#8220;][et_pb_column type=&#8220;4_4&#8243; _builder_version=&#8220;4.16&#8243; custom_padding=&#8220;|||&#8220; global_colors_info=&#8220;{}&#8220; custom_padding__hover=&#8220;|||&#8220; theme_builder_area=&#8220;post_content&#8220;][et_pb_heading title=&#8220;KONTAKT&#8220; _builder_version=&#8220;4.27.4&#8243; _module_preset=&#8220;default&#8220; global_colors_info=&#8220;{}&#8220; theme_builder_area=&#8220;post_content&#8220;][\/et_pb_heading][et_pb_contact_form captcha=&#8220;off&#8220; email=&#8220;klaus.juhantalo@gmail.com,arto.merisalo@nordicon.fi&#8220; success_message=&#8220;Danke f\u00fcr Ihre Kontaktaufnahme! Wir melden uns umgehend bei Ihnen! &#8220; submit_button_text=&#8220;Senden&#8220; module_id=&#8220;et_pb_contact_form_0&#8243; _builder_version=&#8220;4.16&#8243; _unique_id=&#8220;5bb6c822-a2b7-43ca-a1b3-c842c10704e6&#8243; form_field_background_color=&#8220;#ffffff&#8220; form_field_font=&#8220;Montserrat|300|||||||&#8220; form_field_font_size=&#8220;16px&#8220; custom_button=&#8220;on&#8220; button_text_size=&#8220;16px&#8220; button_text_color=&#8220;#ffffff&#8220; button_bg_color=&#8220;#f16334&#8243; button_border_width=&#8220;8px&#8220; button_border_color=&#8220;#f16334&#8243; button_letter_spacing=&#8220;2px&#8220; button_font=&#8220;Montserrat|600||on|||||&#8220; animation_style=&#8220;fade&#8220; border_width_all=&#8220;1px&#8220; border_color_all=&#8220;rgba(0,0,0,0.12)&#8220; form_background_color=&#8220;#ffffff&#8220; global_colors_info=&#8220;{}&#8220; theme_builder_area=&#8220;post_content&#8220;][et_pb_contact_field field_id=&#8220;Nimi&#8220; field_title=&#8220;Name&#8220; fullwidth_field=&#8220;on&#8220; _builder_version=&#8220;4.16&#8243; global_colors_info=&#8220;{}&#8220; button_text_size__hover_enabled=&#8220;off&#8220; button_one_text_size__hover_enabled=&#8220;off&#8220; button_two_text_size__hover_enabled=&#8220;off&#8220; button_text_color__hover_enabled=&#8220;off&#8220; button_one_text_color__hover_enabled=&#8220;off&#8220; button_two_text_color__hover_enabled=&#8220;off&#8220; button_border_width__hover_enabled=&#8220;off&#8220; button_one_border_width__hover_enabled=&#8220;off&#8220; button_two_border_width__hover_enabled=&#8220;off&#8220; button_border_color__hover_enabled=&#8220;off&#8220; button_one_border_color__hover_enabled=&#8220;off&#8220; button_two_border_color__hover_enabled=&#8220;off&#8220; button_border_radius__hover_enabled=&#8220;off&#8220; button_one_border_radius__hover_enabled=&#8220;off&#8220; button_two_border_radius__hover_enabled=&#8220;off&#8220; button_letter_spacing__hover_enabled=&#8220;off&#8220; button_one_letter_spacing__hover_enabled=&#8220;off&#8220; button_two_letter_spacing__hover_enabled=&#8220;off&#8220; button_bg_color__hover_enabled=&#8220;off&#8220; button_one_bg_color__hover_enabled=&#8220;off&#8220; button_two_bg_color__hover_enabled=&#8220;off&#8220; theme_builder_area=&#8220;post_content&#8220;][\/et_pb_contact_field][et_pb_contact_field field_id=&#8220;S\u00e4hk\u00f6posti&#8220; field_title=&#8220;E-Mail&#8220; field_type=&#8220;email&#8220; fullwidth_field=&#8220;on&#8220; _builder_version=&#8220;4.16&#8243; global_colors_info=&#8220;{}&#8220; button_text_size__hover_enabled=&#8220;off&#8220; button_one_text_size__hover_enabled=&#8220;off&#8220; button_two_text_size__hover_enabled=&#8220;off&#8220; button_text_color__hover_enabled=&#8220;off&#8220; button_one_text_color__hover_enabled=&#8220;off&#8220; button_two_text_color__hover_enabled=&#8220;off&#8220; button_border_width__hover_enabled=&#8220;off&#8220; button_one_border_width__hover_enabled=&#8220;off&#8220; button_two_border_width__hover_enabled=&#8220;off&#8220; button_border_color__hover_enabled=&#8220;off&#8220; button_one_border_color__hover_enabled=&#8220;off&#8220; button_two_border_color__hover_enabled=&#8220;off&#8220; button_border_radius__hover_enabled=&#8220;off&#8220; button_one_border_radius__hover_enabled=&#8220;off&#8220; button_two_border_radius__hover_enabled=&#8220;off&#8220; button_letter_spacing__hover_enabled=&#8220;off&#8220; button_one_letter_spacing__hover_enabled=&#8220;off&#8220; button_two_letter_spacing__hover_enabled=&#8220;off&#8220; button_bg_color__hover_enabled=&#8220;off&#8220; button_one_bg_color__hover_enabled=&#8220;off&#8220; button_two_bg_color__hover_enabled=&#8220;off&#8220; theme_builder_area=&#8220;post_content&#8220;][\/et_pb_contact_field][et_pb_contact_field field_id=&#8220;Aihe&#8220; field_title=&#8220;Betreff&#8220; max_length=&#8220;71&#8243; fullwidth_field=&#8220;on&#8220; _builder_version=&#8220;4.16&#8243; global_colors_info=&#8220;{}&#8220; button_text_size__hover_enabled=&#8220;off&#8220; button_one_text_size__hover_enabled=&#8220;off&#8220; button_two_text_size__hover_enabled=&#8220;off&#8220; button_text_color__hover_enabled=&#8220;off&#8220; button_one_text_color__hover_enabled=&#8220;off&#8220; button_two_text_color__hover_enabled=&#8220;off&#8220; button_border_width__hover_enabled=&#8220;off&#8220; button_one_border_width__hover_enabled=&#8220;off&#8220; button_two_border_width__hover_enabled=&#8220;off&#8220; button_border_color__hover_enabled=&#8220;off&#8220; button_one_border_color__hover_enabled=&#8220;off&#8220; button_two_border_color__hover_enabled=&#8220;off&#8220; button_border_radius__hover_enabled=&#8220;off&#8220; button_one_border_radius__hover_enabled=&#8220;off&#8220; button_two_border_radius__hover_enabled=&#8220;off&#8220; button_letter_spacing__hover_enabled=&#8220;off&#8220; button_one_letter_spacing__hover_enabled=&#8220;off&#8220; button_two_letter_spacing__hover_enabled=&#8220;off&#8220; button_bg_color__hover_enabled=&#8220;off&#8220; button_one_bg_color__hover_enabled=&#8220;off&#8220; button_two_bg_color__hover_enabled=&#8220;off&#8220; theme_builder_area=&#8220;post_content&#8220;][\/et_pb_contact_field][et_pb_contact_field field_id=&#8220;Viesti&#8220; field_title=&#8220;Nachricht&#8220; field_type=&#8220;text&#8220; fullwidth_field=&#8220;on&#8220; _builder_version=&#8220;4.16&#8243; global_colors_info=&#8220;{}&#8220; button_text_size__hover_enabled=&#8220;off&#8220; button_one_text_size__hover_enabled=&#8220;off&#8220; button_two_text_size__hover_enabled=&#8220;off&#8220; button_text_color__hover_enabled=&#8220;off&#8220; button_one_text_color__hover_enabled=&#8220;off&#8220; button_two_text_color__hover_enabled=&#8220;off&#8220; button_border_width__hover_enabled=&#8220;off&#8220; button_one_border_width__hover_enabled=&#8220;off&#8220; button_two_border_width__hover_enabled=&#8220;off&#8220; button_border_color__hover_enabled=&#8220;off&#8220; button_one_border_color__hover_enabled=&#8220;off&#8220; button_two_border_color__hover_enabled=&#8220;off&#8220; button_border_radius__hover_enabled=&#8220;off&#8220; button_one_border_radius__hover_enabled=&#8220;off&#8220; button_two_border_radius__hover_enabled=&#8220;off&#8220; button_letter_spacing__hover_enabled=&#8220;off&#8220; button_one_letter_spacing__hover_enabled=&#8220;off&#8220; button_two_letter_spacing__hover_enabled=&#8220;off&#8220; button_bg_color__hover_enabled=&#8220;off&#8220; button_one_bg_color__hover_enabled=&#8220;off&#8220; button_two_bg_color__hover_enabled=&#8220;off&#8220; theme_builder_area=&#8220;post_content&#8220;][\/et_pb_contact_field][\/et_pb_contact_form][\/et_pb_column][\/et_pb_row][\/et_pb_section]<\/p>\n","protected":false},"excerpt":{"rendered":"<p>Dienstleistungen mit solider ExpertiseIMMOBILIENBEWERTUNGUnser Partnerunternehmen Suomen Kiinteist\u00f6arviointi Oy betreut Sie landesweit im Bereich Immobilienbewertung. Suomen Kiinteist\u00f6arviointi Oy erstellt f\u00fcr Sie landesweit AKA- und KHK-Bewertungsberichte f\u00fcr verschiedene Wohn- und Gewerbeimmobilien, von kleinen bis gro\u00dfen Objekten und f\u00fcr verschiedene Immobilienportfolios. Ob Sie eine Immobilienbewertung f\u00fcr Finanzierung, Steuern, Buchhaltung\/Jahresabschluss oder andere immobilienbezogene Entscheidungen ben\u00f6tigen \u2013 Suomen Kiinteist\u00f6arviointi Oy [&hellip;]<\/p>\n","protected":false},"author":1,"featured_media":2858,"parent":0,"menu_order":0,"comment_status":"closed","ping_status":"closed","template":"","meta":{"_et_pb_use_builder":"on","_et_pb_old_content":"","_et_gb_content_width":"","footnotes":""},"class_list":["post-2384","page","type-page","status-publish","has-post-thumbnail","hentry"],"yoast_head":"<!-- This site is optimized with the Yoast SEO plugin v27.4 - https:\/\/yoast.com\/product\/yoast-seo-wordpress\/ -->\n<title>IMMOBILIENBEWERTUNG - Nordicon.fi<\/title>\n<meta name=\"robots\" content=\"index, follow, max-snippet:-1, max-image-preview:large, max-video-preview:-1\" \/>\n<link rel=\"canonical\" href=\"https:\/\/nordicon.fi\/de\/immobilienbewertung\/\" \/>\n<meta property=\"og:locale\" content=\"de_DE\" \/>\n<meta property=\"og:type\" content=\"article\" \/>\n<meta property=\"og:title\" content=\"IMMOBILIENBEWERTUNG - Nordicon.fi\" \/>\n<meta property=\"og:description\" content=\"Dienstleistungen mit solider ExpertiseIMMOBILIENBEWERTUNGUnser Partnerunternehmen Suomen Kiinteist\u00f6arviointi Oy betreut Sie landesweit im Bereich Immobilienbewertung. Suomen Kiinteist\u00f6arviointi Oy erstellt f\u00fcr Sie landesweit AKA- und KHK-Bewertungsberichte f\u00fcr verschiedene Wohn- und Gewerbeimmobilien, von kleinen bis gro\u00dfen Objekten und f\u00fcr verschiedene Immobilienportfolios. Ob Sie eine Immobilienbewertung f\u00fcr Finanzierung, Steuern, Buchhaltung\/Jahresabschluss oder andere immobilienbezogene Entscheidungen ben\u00f6tigen \u2013 Suomen Kiinteist\u00f6arviointi Oy [&hellip;]\" \/>\n<meta property=\"og:url\" content=\"https:\/\/nordicon.fi\/de\/immobilienbewertung\/\" \/>\n<meta property=\"og:site_name\" content=\"Nordicon.fi\" \/>\n<meta property=\"article:modified_time\" content=\"2025-08-28T06:33:22+00:00\" \/>\n<meta name=\"twitter:card\" content=\"summary_large_image\" \/>\n<meta name=\"twitter:label1\" content=\"Gesch\u00e4tzte Lesezeit\" \/>\n\t<meta name=\"twitter:data1\" content=\"8\u00a0Minuten\" \/>\n<script type=\"application\/ld+json\" class=\"yoast-schema-graph\">{\"@context\":\"https:\\\/\\\/schema.org\",\"@graph\":[{\"@type\":\"WebPage\",\"@id\":\"https:\\\/\\\/nordicon.fi\\\/de\\\/immobilienbewertung\\\/\",\"url\":\"https:\\\/\\\/nordicon.fi\\\/de\\\/immobilienbewertung\\\/\",\"name\":\"IMMOBILIENBEWERTUNG - Nordicon.fi\",\"isPartOf\":{\"@id\":\"https:\\\/\\\/nordicon.fi\\\/#website\"},\"primaryImageOfPage\":{\"@id\":\"https:\\\/\\\/nordicon.fi\\\/de\\\/immobilienbewertung\\\/#primaryimage\"},\"image\":{\"@id\":\"https:\\\/\\\/nordicon.fi\\\/de\\\/immobilienbewertung\\\/#primaryimage\"},\"thumbnailUrl\":\"https:\\\/\\\/nordicon.fi\\\/wp-content\\\/uploads\\\/2025\\\/09\\\/nordicon-featured-image-1.jpg\",\"datePublished\":\"2025-08-28T06:33:21+00:00\",\"dateModified\":\"2025-08-28T06:33:22+00:00\",\"breadcrumb\":{\"@id\":\"https:\\\/\\\/nordicon.fi\\\/de\\\/immobilienbewertung\\\/#breadcrumb\"},\"inLanguage\":\"de\",\"potentialAction\":[{\"@type\":\"ReadAction\",\"target\":[\"https:\\\/\\\/nordicon.fi\\\/de\\\/immobilienbewertung\\\/\"]}]},{\"@type\":\"ImageObject\",\"inLanguage\":\"de\",\"@id\":\"https:\\\/\\\/nordicon.fi\\\/de\\\/immobilienbewertung\\\/#primaryimage\",\"url\":\"https:\\\/\\\/nordicon.fi\\\/wp-content\\\/uploads\\\/2025\\\/09\\\/nordicon-featured-image-1.jpg\",\"contentUrl\":\"https:\\\/\\\/nordicon.fi\\\/wp-content\\\/uploads\\\/2025\\\/09\\\/nordicon-featured-image-1.jpg\",\"width\":1200,\"height\":628},{\"@type\":\"BreadcrumbList\",\"@id\":\"https:\\\/\\\/nordicon.fi\\\/de\\\/immobilienbewertung\\\/#breadcrumb\",\"itemListElement\":[{\"@type\":\"ListItem\",\"position\":1,\"name\":\"Home\",\"item\":\"https:\\\/\\\/nordicon.fi\\\/de\\\/etusivu-uusi-22-9\\\/\"},{\"@type\":\"ListItem\",\"position\":2,\"name\":\"IMMOBILIENBEWERTUNG\"}]},{\"@type\":\"WebSite\",\"@id\":\"https:\\\/\\\/nordicon.fi\\\/#website\",\"url\":\"https:\\\/\\\/nordicon.fi\\\/\",\"name\":\"Nordicon.fi\",\"description\":\"Kiinteist\u00f6liiketoiminnan ketter\u00e4 moniosaaja !\",\"potentialAction\":[{\"@type\":\"SearchAction\",\"target\":{\"@type\":\"EntryPoint\",\"urlTemplate\":\"https:\\\/\\\/nordicon.fi\\\/?s={search_term_string}\"},\"query-input\":{\"@type\":\"PropertyValueSpecification\",\"valueRequired\":true,\"valueName\":\"search_term_string\"}}],\"inLanguage\":\"de\"}]}<\/script>\n<!-- \/ Yoast SEO plugin. -->","yoast_head_json":{"title":"IMMOBILIENBEWERTUNG - Nordicon.fi","robots":{"index":"index","follow":"follow","max-snippet":"max-snippet:-1","max-image-preview":"max-image-preview:large","max-video-preview":"max-video-preview:-1"},"canonical":"https:\/\/nordicon.fi\/de\/immobilienbewertung\/","og_locale":"de_DE","og_type":"article","og_title":"IMMOBILIENBEWERTUNG - Nordicon.fi","og_description":"Dienstleistungen mit solider ExpertiseIMMOBILIENBEWERTUNGUnser Partnerunternehmen Suomen Kiinteist\u00f6arviointi Oy betreut Sie landesweit im Bereich Immobilienbewertung. Suomen Kiinteist\u00f6arviointi Oy erstellt f\u00fcr Sie landesweit AKA- und KHK-Bewertungsberichte f\u00fcr verschiedene Wohn- und Gewerbeimmobilien, von kleinen bis gro\u00dfen Objekten und f\u00fcr verschiedene Immobilienportfolios. Ob Sie eine Immobilienbewertung f\u00fcr Finanzierung, Steuern, Buchhaltung\/Jahresabschluss oder andere immobilienbezogene Entscheidungen ben\u00f6tigen \u2013 Suomen Kiinteist\u00f6arviointi Oy [&hellip;]","og_url":"https:\/\/nordicon.fi\/de\/immobilienbewertung\/","og_site_name":"Nordicon.fi","article_modified_time":"2025-08-28T06:33:22+00:00","twitter_card":"summary_large_image","twitter_misc":{"Gesch\u00e4tzte Lesezeit":"8\u00a0Minuten"},"schema":{"@context":"https:\/\/schema.org","@graph":[{"@type":"WebPage","@id":"https:\/\/nordicon.fi\/de\/immobilienbewertung\/","url":"https:\/\/nordicon.fi\/de\/immobilienbewertung\/","name":"IMMOBILIENBEWERTUNG - Nordicon.fi","isPartOf":{"@id":"https:\/\/nordicon.fi\/#website"},"primaryImageOfPage":{"@id":"https:\/\/nordicon.fi\/de\/immobilienbewertung\/#primaryimage"},"image":{"@id":"https:\/\/nordicon.fi\/de\/immobilienbewertung\/#primaryimage"},"thumbnailUrl":"https:\/\/nordicon.fi\/wp-content\/uploads\/2025\/09\/nordicon-featured-image-1.jpg","datePublished":"2025-08-28T06:33:21+00:00","dateModified":"2025-08-28T06:33:22+00:00","breadcrumb":{"@id":"https:\/\/nordicon.fi\/de\/immobilienbewertung\/#breadcrumb"},"inLanguage":"de","potentialAction":[{"@type":"ReadAction","target":["https:\/\/nordicon.fi\/de\/immobilienbewertung\/"]}]},{"@type":"ImageObject","inLanguage":"de","@id":"https:\/\/nordicon.fi\/de\/immobilienbewertung\/#primaryimage","url":"https:\/\/nordicon.fi\/wp-content\/uploads\/2025\/09\/nordicon-featured-image-1.jpg","contentUrl":"https:\/\/nordicon.fi\/wp-content\/uploads\/2025\/09\/nordicon-featured-image-1.jpg","width":1200,"height":628},{"@type":"BreadcrumbList","@id":"https:\/\/nordicon.fi\/de\/immobilienbewertung\/#breadcrumb","itemListElement":[{"@type":"ListItem","position":1,"name":"Home","item":"https:\/\/nordicon.fi\/de\/etusivu-uusi-22-9\/"},{"@type":"ListItem","position":2,"name":"IMMOBILIENBEWERTUNG"}]},{"@type":"WebSite","@id":"https:\/\/nordicon.fi\/#website","url":"https:\/\/nordicon.fi\/","name":"Nordicon.fi","description":"Kiinteist\u00f6liiketoiminnan ketter\u00e4 moniosaaja !","potentialAction":[{"@type":"SearchAction","target":{"@type":"EntryPoint","urlTemplate":"https:\/\/nordicon.fi\/?s={search_term_string}"},"query-input":{"@type":"PropertyValueSpecification","valueRequired":true,"valueName":"search_term_string"}}],"inLanguage":"de"}]}},"_links":{"self":[{"href":"https:\/\/nordicon.fi\/de\/wp-json\/wp\/v2\/pages\/2384","targetHints":{"allow":["GET"]}}],"collection":[{"href":"https:\/\/nordicon.fi\/de\/wp-json\/wp\/v2\/pages"}],"about":[{"href":"https:\/\/nordicon.fi\/de\/wp-json\/wp\/v2\/types\/page"}],"author":[{"embeddable":true,"href":"https:\/\/nordicon.fi\/de\/wp-json\/wp\/v2\/users\/1"}],"replies":[{"embeddable":true,"href":"https:\/\/nordicon.fi\/de\/wp-json\/wp\/v2\/comments?post=2384"}],"version-history":[{"count":2,"href":"https:\/\/nordicon.fi\/de\/wp-json\/wp\/v2\/pages\/2384\/revisions"}],"predecessor-version":[{"id":2386,"href":"https:\/\/nordicon.fi\/de\/wp-json\/wp\/v2\/pages\/2384\/revisions\/2386"}],"wp:featuredmedia":[{"embeddable":true,"href":"https:\/\/nordicon.fi\/de\/wp-json\/wp\/v2\/media\/2858"}],"wp:attachment":[{"href":"https:\/\/nordicon.fi\/de\/wp-json\/wp\/v2\/media?parent=2384"}],"curies":[{"name":"wp","href":"https:\/\/api.w.org\/{rel}","templated":true}]}}