{"id":2115,"date":"2025-08-25T12:24:25","date_gmt":"2025-08-25T09:24:25","guid":{"rendered":"https:\/\/nordicon.fi\/elamuteenused\/"},"modified":"2025-08-27T13:58:31","modified_gmt":"2025-08-27T10:58:31","slug":"elamuteenused","status":"publish","type":"page","link":"https:\/\/nordicon.fi\/et\/elamuteenused\/","title":{"rendered":"ELAMUTEENUSED"},"content":{"rendered":"<p>[et_pb_section fb_built=&#8221;1&#8243; next_background_color=&#8221;#f7f7f7&#8243; admin_label=&#8221;Hero Section&#8221; _builder_version=&#8221;4.16&#8243; use_background_color_gradient=&#8221;on&#8221; background_color_gradient_stops=&#8221;rgba(0,0,0,0.4) 0%|rgba(0,0,0,0.4) 100%&#8221; background_color_gradient_overlays_image=&#8221;on&#8221; background_color_gradient_start=&#8221;rgba(0,0,0,0.4)&#8221; background_color_gradient_end=&#8221;rgba(0,0,0,0.4)&#8221; background_image=&#8221;https:\/\/nordicon.fi\/wp-content\/uploads\/2019\/09\/asuntopalvelut-nordicon.jpg&#8221; background_position=&#8221;center_right&#8221; custom_padding=&#8221;10%||16%|&#8221; top_divider_height_tablet=&#8221;&#8221; top_divider_height_phone=&#8221;0px&#8221; top_divider_height_last_edited=&#8221;on|phone&#8221; bottom_divider_style=&#8221;slant&#8221; bottom_divider_height=&#8221;60px&#8221; background_color_gradient_stops_tablet=&#8221;rgba(0,0,0,0.4) 0%|rgba(0,0,0,0.4) 100%&#8221; background_color_gradient_stops_phone=&#8221;rgba(0,0,0,0.4) 0%|rgba(0,0,0,0.4) 100%&#8221; global_module=&#8221;46&#8243; saved_tabs=&#8221;all&#8221; global_colors_info=&#8221;{}&#8221; background_color_gradient_direction__hover=&#8221;180deg&#8221; background_color_gradient_direction__hover_enabled=&#8221;180deg&#8221; background_color_gradient_start_position__hover=&#8221;0%&#8221; background_color_gradient_start_position__hover_enabled=&#8221;0%&#8221; background_color_gradient_end_position__hover=&#8221;100%&#8221; background_color_gradient_end_position__hover_enabled=&#8221;100%&#8221; background_color_gradient_stops__hover=&#8221;rgba(0,0,0,0.4) 0%|rgba(0,0,0,0.4) 100%&#8221;][et_pb_row _builder_version=&#8221;4.16&#8243; global_colors_info=&#8221;{}&#8221;][et_pb_column type=&#8221;4_4&#8243; _builder_version=&#8221;4.16&#8243; custom_padding=&#8221;|||&#8221; global_colors_info=&#8221;{}&#8221; custom_padding__hover=&#8221;|||&#8221;][et_pb_text content_tablet=&#8221;<\/p>\n<h1>teenused<\/h1>\n<h2>tugeva p\u00e4devusega<\/h2>\n<p>&#8221; content_phone=&#8221;<\/p>\n<\/p>\n<h1>teenused<\/h1>\n<h2>tugeva p\u00e4devusega<\/h2>\n<\/p>\n<p>&#8221; content_last_edited=&#8221;on|phone&#8221; admin_label=&#8221;Hero Section Title&#8221; _builder_version=&#8221;4.16&#8243; text_font=&#8221;|||on|||||&#8221; text_font_size=&#8221;18px&#8221; header_text_align=&#8221;center&#8221; header_font_size=&#8221;48px&#8221; header_2_font=&#8221;Montserrat|700|||||||&#8221; header_2_text_color=&#8221;rgba(255,255,255,0.6)&#8221; header_2_font_size=&#8221;90px&#8221; custom_margin=&#8221;||60px|&#8221; text_font_size_last_edited=&#8221;off|phone&#8221; header_font_phone=&#8221;Montserrat|600||on|||||&#8221; header_font_size_phone=&#8221;35px&#8221; header_2_font_phone=&#8221;Montserrat|700||on|||||&#8221; header_2_text_align_phone=&#8221;center&#8221; header_2_font_size_tablet=&#8221;69px&#8221; header_2_font_size_phone=&#8221;18px&#8221; global_colors_info=&#8221;{}&#8221;]<\/p>\n<h1>teenused<\/h1>\n<h2>tugeva p\u00e4devusega<\/h2>\n<p>[\/et_pb_text][et_pb_button button_url=&#8221;https:\/\/nordicon.fi\/et\/kontaktandmed\/&#8221; button_text=&#8221;v\u00f5ta \u00fchendust&#8221; button_alignment=&#8221;center&#8221; _builder_version=&#8221;4.16&#8243; custom_button=&#8221;on&#8221; button_text_size=&#8221;16px&#8221; button_text_color=&#8221;#ffffff&#8221; button_bg_color=&#8221;#f16334&#8243; button_border_width=&#8221;0px&#8221; button_letter_spacing=&#8221;2px&#8221; button_font=&#8221;Montserrat|600||on|||||&#8221; custom_margin=&#8221;|||&#8221; custom_padding=&#8221;12px||12px|&#8221; animation_style=&#8221;fade&#8221; button_letter_spacing_hover=&#8221;2px&#8221; global_colors_info=&#8221;{}&#8221; button_text_size__hover_enabled=&#8221;off&#8221; button_one_text_size__hover_enabled=&#8221;off&#8221; button_two_text_size__hover_enabled=&#8221;off&#8221; button_text_color__hover_enabled=&#8221;off&#8221; button_one_text_color__hover_enabled=&#8221;off&#8221; button_two_text_color__hover_enabled=&#8221;off&#8221; button_border_width__hover_enabled=&#8221;off&#8221; button_one_border_width__hover_enabled=&#8221;off&#8221; button_two_border_width__hover_enabled=&#8221;off&#8221; button_border_color__hover_enabled=&#8221;off&#8221; button_one_border_color__hover_enabled=&#8221;off&#8221; button_two_border_color__hover_enabled=&#8221;off&#8221; button_border_radius__hover_enabled=&#8221;off&#8221; button_one_border_radius__hover_enabled=&#8221;off&#8221; button_two_border_radius__hover_enabled=&#8221;off&#8221; button_letter_spacing__hover_enabled=&#8221;on&#8221; button_letter_spacing__hover=&#8221;2px&#8221; button_one_letter_spacing__hover_enabled=&#8221;off&#8221; button_two_letter_spacing__hover_enabled=&#8221;off&#8221; button_bg_color__hover_enabled=&#8221;off&#8221; button_one_bg_color__hover_enabled=&#8221;off&#8221; button_two_bg_color__hover_enabled=&#8221;off&#8221;][\/et_pb_button][\/et_pb_column][\/et_pb_row][\/et_pb_section][et_pb_section fb_built=&#8221;1&#8243; disabled_on=&#8221;off|off|off&#8221; admin_label=&#8221;About Section&#8221; _builder_version=&#8221;4.16&#8243; background_color=&#8221;#f7f7f7&#8243; custom_padding=&#8221;90px||90px|&#8221; global_colors_info=&#8221;{}&#8221;][et_pb_row admin_label=&#8221;Section Title&#8221; _builder_version=&#8221;4.16&#8243; custom_margin=&#8221;|||&#8221; custom_padding=&#8221;27px|0px|27px|0px&#8221; locked=&#8221;off&#8221; global_colors_info=&#8221;{}&#8221;][et_pb_column type=&#8221;4_4&#8243; _builder_version=&#8221;4.16&#8243; custom_padding=&#8221;|||&#8221; global_colors_info=&#8221;{}&#8221; custom_padding__hover=&#8221;|||&#8221;][et_pb_text admin_label=&#8221;Title&#8221; _builder_version=&#8221;4.27.4&#8243; width=&#8221;100%&#8221; custom_padding=&#8221;||||false|false&#8221; hover_enabled=&#8221;0&#8243; global_colors_info=&#8221;{}&#8221; header_2_font_size=&#8221;30px&#8221; sticky_enabled=&#8221;0&#8243;]<\/p>\n<h2 style=\"text-align: left;\">ELAMUTEENUSED<\/h2>\n<p>[\/et_pb_text][et_pb_divider show_divider=&#8221;off&#8221; _builder_version=&#8221;4.16&#8243; max_width=&#8221;23px&#8221; module_alignment=&#8221;center&#8221; animation_style=&#8221;slide&#8221; animation_direction=&#8221;top&#8221; animation_intensity_slide=&#8221;20%&#8221; animation_starting_opacity=&#8221;100%&#8221; global_colors_info=&#8221;{}&#8221;][\/et_pb_divider][et_pb_text content_tablet=&#8221;&#8221; content_phone=&#8221;&#8221; content_last_edited=&#8221;on|tablet&#8221; admin_label=&#8221;Title&#8221; _builder_version=&#8221;4.16&#8243; custom_margin=&#8221;||40px|&#8221; global_colors_info=&#8221;{}&#8221;]<\/p>\n<p style=\"text-align: left;\">Nordiconi personal tegutseb kogu Eestis korterelamute m\u00fc\u00fcgi konsultandina. J\u00e4tkuvalt kasvavatel investeerimiskorterite turgudel oleme edukalt n\u00f5ustanud erinevaid ehitusettev\u00f5tteid \u00fc\u00fcrikorterite arendamisel juba mitme aasta jooksul. <\/p>\n<p style=\"text-align: left;\">Konsulteerime investeerimiskorterelamute, ridamajade ja erinevate korterportfellide m\u00fc\u00fcgis investeerimisklientide nimel kogu Eesti territooriumil ning arendame erinevat t\u00fc\u00fcpi korterelamuid peamistes maakonnakeskustes ja Tallinna-Tartu-Helsingi piirkonnas. Teenindame nii m\u00fc\u00fcjaid kui ostjaid investeerimiskorterite tehingutes \u2013 leiame teie jaoks soovitud objekti v\u00f5i portfelli. Viimase 5 aasta jooksul oleme n\u00f5ustanud \u00fcle 20 terviku korterelamu m\u00fc\u00fcki eri Eesti maakonnakeskustes, peamiselt arendajalt investorile v\u00f5i kahe investori vahel.  <\/p>\n<p style=\"text-align: left;\">Meile v\u00f5ib pakkuda ka korteriarenduseks sobivaid krunte kogu Eesti territooriumilt. Peamiselt on meie huviobjektiks linnad ja omavalitsused, kus elab \u00fcle 10 000 inimese, ning ehitus\u00f5igusega objektid, mille pindala on \u00fcle 2 000 m\u00b2. <\/p>\n<p>[\/et_pb_text][\/et_pb_column][\/et_pb_row][\/et_pb_section][et_pb_section fb_built=&#8221;1&#8243; admin_label=&#8221;Footer Section&#8221; _builder_version=&#8221;4.16&#8243; background_image=&#8221;https:\/\/nordicon.fi\/wp-content\/uploads\/2020\/08\/construction-drawings.webp&#8221; background_position=&#8221;top_center&#8221; custom_padding=&#8221;90px||90px|&#8221; global_colors_info=&#8221;{}&#8221; theme_builder_area=&#8221;post_content&#8221;][et_pb_row admin_label=&#8221;Contact Form Area&#8221; _builder_version=&#8221;4.16&#8243; global_colors_info=&#8221;{}&#8221; theme_builder_area=&#8221;post_content&#8221;][et_pb_column type=&#8221;4_4&#8243; _builder_version=&#8221;4.16&#8243; custom_padding=&#8221;|||&#8221; global_colors_info=&#8221;{}&#8221; custom_padding__hover=&#8221;|||&#8221; theme_builder_area=&#8221;post_content&#8221;][et_pb_heading title=&#8221;KONTAKT&#8221; _builder_version=&#8221;4.27.4&#8243; _module_preset=&#8221;default&#8221; global_colors_info=&#8221;{}&#8221; theme_builder_area=&#8221;post_content&#8221;][\/et_pb_heading][et_pb_contact_form captcha=&#8221;off&#8221; email=&#8221;klaus.juhantalo@gmail.com,arto.merisalo@nordicon.fi&#8221; success_message=&#8221;T\u00e4name, et v\u00f5tsite \u00fchendust! V\u00f5tame teiega peagi \u00fchendust! &#8221; submit_button_text=&#8221;Saada&#8221; module_id=&#8221;et_pb_contact_form_0&#8243; _builder_version=&#8221;4.16&#8243; _unique_id=&#8221;5bb6c822-a2b7-43ca-a1b3-c842c10704e6&#8243; form_field_background_color=&#8221;#ffffff&#8221; form_field_font=&#8221;Montserrat|300|||||||&#8221; form_field_font_size=&#8221;16px&#8221; custom_button=&#8221;on&#8221; button_text_size=&#8221;16px&#8221; button_text_color=&#8221;#ffffff&#8221; button_bg_color=&#8221;#f16334&#8243; button_border_width=&#8221;8px&#8221; button_border_color=&#8221;#f16334&#8243; button_letter_spacing=&#8221;2px&#8221; button_font=&#8221;Montserrat|600||on|||||&#8221; animation_style=&#8221;fade&#8221; border_width_all=&#8221;1px&#8221; border_color_all=&#8221;rgba(0,0,0,0.12)&#8221; form_background_color=&#8221;#ffffff&#8221; global_colors_info=&#8221;{}&#8221; theme_builder_area=&#8221;post_content&#8221;][et_pb_contact_field field_id=&#8221;Nimi&#8221; field_title=&#8221;Nimi&#8221; fullwidth_field=&#8221;on&#8221; _builder_version=&#8221;4.16&#8243; global_colors_info=&#8221;{}&#8221; button_text_size__hover_enabled=&#8221;off&#8221; button_one_text_size__hover_enabled=&#8221;off&#8221; button_two_text_size__hover_enabled=&#8221;off&#8221; button_text_color__hover_enabled=&#8221;off&#8221; button_one_text_color__hover_enabled=&#8221;off&#8221; button_two_text_color__hover_enabled=&#8221;off&#8221; button_border_width__hover_enabled=&#8221;off&#8221; button_one_border_width__hover_enabled=&#8221;off&#8221; button_two_border_width__hover_enabled=&#8221;off&#8221; button_border_color__hover_enabled=&#8221;off&#8221; button_one_border_color__hover_enabled=&#8221;off&#8221; button_two_border_color__hover_enabled=&#8221;off&#8221; button_border_radius__hover_enabled=&#8221;off&#8221; button_one_border_radius__hover_enabled=&#8221;off&#8221; button_two_border_radius__hover_enabled=&#8221;off&#8221; button_letter_spacing__hover_enabled=&#8221;off&#8221; button_one_letter_spacing__hover_enabled=&#8221;off&#8221; button_two_letter_spacing__hover_enabled=&#8221;off&#8221; button_bg_color__hover_enabled=&#8221;off&#8221; button_one_bg_color__hover_enabled=&#8221;off&#8221; button_two_bg_color__hover_enabled=&#8221;off&#8221; theme_builder_area=&#8221;post_content&#8221;][\/et_pb_contact_field][et_pb_contact_field field_id=&#8221;S\u00e4hk\u00f6posti&#8221; field_title=&#8221;E-post&#8221; field_type=&#8221;email&#8221; fullwidth_field=&#8221;on&#8221; _builder_version=&#8221;4.16&#8243; global_colors_info=&#8221;{}&#8221; button_text_size__hover_enabled=&#8221;off&#8221; button_one_text_size__hover_enabled=&#8221;off&#8221; button_two_text_size__hover_enabled=&#8221;off&#8221; button_text_color__hover_enabled=&#8221;off&#8221; button_one_text_color__hover_enabled=&#8221;off&#8221; button_two_text_color__hover_enabled=&#8221;off&#8221; button_border_width__hover_enabled=&#8221;off&#8221; button_one_border_width__hover_enabled=&#8221;off&#8221; button_two_border_width__hover_enabled=&#8221;off&#8221; button_border_color__hover_enabled=&#8221;off&#8221; button_one_border_color__hover_enabled=&#8221;off&#8221; button_two_border_color__hover_enabled=&#8221;off&#8221; button_border_radius__hover_enabled=&#8221;off&#8221; button_one_border_radius__hover_enabled=&#8221;off&#8221; button_two_border_radius__hover_enabled=&#8221;off&#8221; button_letter_spacing__hover_enabled=&#8221;off&#8221; button_one_letter_spacing__hover_enabled=&#8221;off&#8221; button_two_letter_spacing__hover_enabled=&#8221;off&#8221; button_bg_color__hover_enabled=&#8221;off&#8221; button_one_bg_color__hover_enabled=&#8221;off&#8221; button_two_bg_color__hover_enabled=&#8221;off&#8221; theme_builder_area=&#8221;post_content&#8221;][\/et_pb_contact_field][et_pb_contact_field field_id=&#8221;Aihe&#8221; field_title=&#8221;Teema&#8221; max_length=&#8221;71&#8243; fullwidth_field=&#8221;on&#8221; _builder_version=&#8221;4.16&#8243; global_colors_info=&#8221;{}&#8221; button_text_size__hover_enabled=&#8221;off&#8221; button_one_text_size__hover_enabled=&#8221;off&#8221; button_two_text_size__hover_enabled=&#8221;off&#8221; button_text_color__hover_enabled=&#8221;off&#8221; button_one_text_color__hover_enabled=&#8221;off&#8221; button_two_text_color__hover_enabled=&#8221;off&#8221; button_border_width__hover_enabled=&#8221;off&#8221; button_one_border_width__hover_enabled=&#8221;off&#8221; button_two_border_width__hover_enabled=&#8221;off&#8221; button_border_color__hover_enabled=&#8221;off&#8221; button_one_border_color__hover_enabled=&#8221;off&#8221; button_two_border_color__hover_enabled=&#8221;off&#8221; button_border_radius__hover_enabled=&#8221;off&#8221; button_one_border_radius__hover_enabled=&#8221;off&#8221; button_two_border_radius__hover_enabled=&#8221;off&#8221; button_letter_spacing__hover_enabled=&#8221;off&#8221; button_one_letter_spacing__hover_enabled=&#8221;off&#8221; button_two_letter_spacing__hover_enabled=&#8221;off&#8221; button_bg_color__hover_enabled=&#8221;off&#8221; button_one_bg_color__hover_enabled=&#8221;off&#8221; button_two_bg_color__hover_enabled=&#8221;off&#8221; theme_builder_area=&#8221;post_content&#8221;][\/et_pb_contact_field][et_pb_contact_field field_id=&#8221;Viesti&#8221; field_title=&#8221;S\u00f5num&#8221; field_type=&#8221;text&#8221; fullwidth_field=&#8221;on&#8221; _builder_version=&#8221;4.16&#8243; global_colors_info=&#8221;{}&#8221; button_text_size__hover_enabled=&#8221;off&#8221; button_one_text_size__hover_enabled=&#8221;off&#8221; button_two_text_size__hover_enabled=&#8221;off&#8221; button_text_color__hover_enabled=&#8221;off&#8221; button_one_text_color__hover_enabled=&#8221;off&#8221; button_two_text_color__hover_enabled=&#8221;off&#8221; button_border_width__hover_enabled=&#8221;off&#8221; button_one_border_width__hover_enabled=&#8221;off&#8221; button_two_border_width__hover_enabled=&#8221;off&#8221; button_border_color__hover_enabled=&#8221;off&#8221; button_one_border_color__hover_enabled=&#8221;off&#8221; button_two_border_color__hover_enabled=&#8221;off&#8221; button_border_radius__hover_enabled=&#8221;off&#8221; button_one_border_radius__hover_enabled=&#8221;off&#8221; button_two_border_radius__hover_enabled=&#8221;off&#8221; button_letter_spacing__hover_enabled=&#8221;off&#8221; button_one_letter_spacing__hover_enabled=&#8221;off&#8221; button_two_letter_spacing__hover_enabled=&#8221;off&#8221; button_bg_color__hover_enabled=&#8221;off&#8221; button_one_bg_color__hover_enabled=&#8221;off&#8221; button_two_bg_color__hover_enabled=&#8221;off&#8221; theme_builder_area=&#8221;post_content&#8221;][\/et_pb_contact_field][\/et_pb_contact_form][\/et_pb_column][\/et_pb_row][\/et_pb_section]<\/p>\n","protected":false},"excerpt":{"rendered":"<p>teenused tugeva p\u00e4devusegaELAMUTEENUSEDNordiconi personal tegutseb kogu Eestis korterelamute m\u00fc\u00fcgi konsultandina. J\u00e4tkuvalt kasvavatel investeerimiskorterite turgudel oleme edukalt n\u00f5ustanud erinevaid ehitusettev\u00f5tteid \u00fc\u00fcrikorterite arendamisel juba mitme aasta jooksul. Konsulteerime investeerimiskorterelamute, ridamajade ja erinevate korterportfellide m\u00fc\u00fcgis investeerimisklientide nimel kogu Eesti territooriumil ning arendame erinevat t\u00fc\u00fcpi korterelamuid peamistes maakonnakeskustes ja Tallinna-Tartu-Helsingi piirkonnas. Teenindame nii m\u00fc\u00fcjaid kui ostjaid investeerimiskorterite tehingutes \u2013 [&hellip;]<\/p>\n","protected":false},"author":1,"featured_media":2857,"parent":0,"menu_order":0,"comment_status":"closed","ping_status":"closed","template":"","meta":{"_et_pb_use_builder":"on","_et_pb_old_content":"","_et_gb_content_width":"","footnotes":""},"class_list":["post-2115","page","type-page","status-publish","has-post-thumbnail","hentry"],"yoast_head":"<!-- This site is optimized with the Yoast SEO plugin v27.4 - https:\/\/yoast.com\/product\/yoast-seo-wordpress\/ -->\n<title>ELAMUTEENUSED - Nordicon.fi<\/title>\n<meta name=\"robots\" content=\"index, follow, max-snippet:-1, max-image-preview:large, max-video-preview:-1\" \/>\n<link rel=\"canonical\" href=\"https:\/\/nordicon.fi\/et\/elamuteenused\/\" \/>\n<meta property=\"og:locale\" content=\"et_EE\" \/>\n<meta property=\"og:type\" content=\"article\" \/>\n<meta property=\"og:title\" content=\"ELAMUTEENUSED - Nordicon.fi\" \/>\n<meta property=\"og:description\" content=\"teenused tugeva p\u00e4devusegaELAMUTEENUSEDNordiconi personal tegutseb kogu Eestis korterelamute m\u00fc\u00fcgi konsultandina. J\u00e4tkuvalt kasvavatel investeerimiskorterite turgudel oleme edukalt n\u00f5ustanud erinevaid ehitusettev\u00f5tteid \u00fc\u00fcrikorterite arendamisel juba mitme aasta jooksul. Konsulteerime investeerimiskorterelamute, ridamajade ja erinevate korterportfellide m\u00fc\u00fcgis investeerimisklientide nimel kogu Eesti territooriumil ning arendame erinevat t\u00fc\u00fcpi korterelamuid peamistes maakonnakeskustes ja Tallinna-Tartu-Helsingi piirkonnas. Teenindame nii m\u00fc\u00fcjaid kui ostjaid investeerimiskorterite tehingutes \u2013 [&hellip;]\" \/>\n<meta property=\"og:url\" content=\"https:\/\/nordicon.fi\/et\/elamuteenused\/\" \/>\n<meta property=\"og:site_name\" content=\"Nordicon.fi\" \/>\n<meta property=\"article:modified_time\" content=\"2025-08-27T10:58:31+00:00\" \/>\n<meta name=\"twitter:card\" content=\"summary_large_image\" \/>\n<meta name=\"twitter:label1\" content=\"Est. reading time\" \/>\n\t<meta name=\"twitter:data1\" content=\"8 minutit\" \/>\n<script type=\"application\/ld+json\" class=\"yoast-schema-graph\">{\"@context\":\"https:\\\/\\\/schema.org\",\"@graph\":[{\"@type\":\"WebPage\",\"@id\":\"https:\\\/\\\/nordicon.fi\\\/et\\\/elamuteenused\\\/\",\"url\":\"https:\\\/\\\/nordicon.fi\\\/et\\\/elamuteenused\\\/\",\"name\":\"ELAMUTEENUSED - Nordicon.fi\",\"isPartOf\":{\"@id\":\"https:\\\/\\\/nordicon.fi\\\/#website\"},\"primaryImageOfPage\":{\"@id\":\"https:\\\/\\\/nordicon.fi\\\/et\\\/elamuteenused\\\/#primaryimage\"},\"image\":{\"@id\":\"https:\\\/\\\/nordicon.fi\\\/et\\\/elamuteenused\\\/#primaryimage\"},\"thumbnailUrl\":\"https:\\\/\\\/nordicon.fi\\\/wp-content\\\/uploads\\\/2025\\\/09\\\/nordicon-featured-image-1.jpg\",\"datePublished\":\"2025-08-25T09:24:25+00:00\",\"dateModified\":\"2025-08-27T10:58:31+00:00\",\"breadcrumb\":{\"@id\":\"https:\\\/\\\/nordicon.fi\\\/et\\\/elamuteenused\\\/#breadcrumb\"},\"inLanguage\":\"et\",\"potentialAction\":[{\"@type\":\"ReadAction\",\"target\":[\"https:\\\/\\\/nordicon.fi\\\/et\\\/elamuteenused\\\/\"]}]},{\"@type\":\"ImageObject\",\"inLanguage\":\"et\",\"@id\":\"https:\\\/\\\/nordicon.fi\\\/et\\\/elamuteenused\\\/#primaryimage\",\"url\":\"https:\\\/\\\/nordicon.fi\\\/wp-content\\\/uploads\\\/2025\\\/09\\\/nordicon-featured-image-1.jpg\",\"contentUrl\":\"https:\\\/\\\/nordicon.fi\\\/wp-content\\\/uploads\\\/2025\\\/09\\\/nordicon-featured-image-1.jpg\",\"width\":1200,\"height\":628},{\"@type\":\"BreadcrumbList\",\"@id\":\"https:\\\/\\\/nordicon.fi\\\/et\\\/elamuteenused\\\/#breadcrumb\",\"itemListElement\":[{\"@type\":\"ListItem\",\"position\":1,\"name\":\"Home\",\"item\":\"https:\\\/\\\/nordicon.fi\\\/et\\\/etusivu-uusi-22-9\\\/\"},{\"@type\":\"ListItem\",\"position\":2,\"name\":\"ELAMUTEENUSED\"}]},{\"@type\":\"WebSite\",\"@id\":\"https:\\\/\\\/nordicon.fi\\\/#website\",\"url\":\"https:\\\/\\\/nordicon.fi\\\/\",\"name\":\"Nordicon.fi\",\"description\":\"Kiinteist\u00f6liiketoiminnan ketter\u00e4 moniosaaja !\",\"potentialAction\":[{\"@type\":\"SearchAction\",\"target\":{\"@type\":\"EntryPoint\",\"urlTemplate\":\"https:\\\/\\\/nordicon.fi\\\/?s={search_term_string}\"},\"query-input\":{\"@type\":\"PropertyValueSpecification\",\"valueRequired\":true,\"valueName\":\"search_term_string\"}}],\"inLanguage\":\"et\"}]}<\/script>\n<!-- \/ Yoast SEO plugin. -->","yoast_head_json":{"title":"ELAMUTEENUSED - Nordicon.fi","robots":{"index":"index","follow":"follow","max-snippet":"max-snippet:-1","max-image-preview":"max-image-preview:large","max-video-preview":"max-video-preview:-1"},"canonical":"https:\/\/nordicon.fi\/et\/elamuteenused\/","og_locale":"et_EE","og_type":"article","og_title":"ELAMUTEENUSED - Nordicon.fi","og_description":"teenused tugeva p\u00e4devusegaELAMUTEENUSEDNordiconi personal tegutseb kogu Eestis korterelamute m\u00fc\u00fcgi konsultandina. J\u00e4tkuvalt kasvavatel investeerimiskorterite turgudel oleme edukalt n\u00f5ustanud erinevaid ehitusettev\u00f5tteid \u00fc\u00fcrikorterite arendamisel juba mitme aasta jooksul. Konsulteerime investeerimiskorterelamute, ridamajade ja erinevate korterportfellide m\u00fc\u00fcgis investeerimisklientide nimel kogu Eesti territooriumil ning arendame erinevat t\u00fc\u00fcpi korterelamuid peamistes maakonnakeskustes ja Tallinna-Tartu-Helsingi piirkonnas. Teenindame nii m\u00fc\u00fcjaid kui ostjaid investeerimiskorterite tehingutes \u2013 [&hellip;]","og_url":"https:\/\/nordicon.fi\/et\/elamuteenused\/","og_site_name":"Nordicon.fi","article_modified_time":"2025-08-27T10:58:31+00:00","twitter_card":"summary_large_image","twitter_misc":{"Est. reading time":"8 minutit"},"schema":{"@context":"https:\/\/schema.org","@graph":[{"@type":"WebPage","@id":"https:\/\/nordicon.fi\/et\/elamuteenused\/","url":"https:\/\/nordicon.fi\/et\/elamuteenused\/","name":"ELAMUTEENUSED - Nordicon.fi","isPartOf":{"@id":"https:\/\/nordicon.fi\/#website"},"primaryImageOfPage":{"@id":"https:\/\/nordicon.fi\/et\/elamuteenused\/#primaryimage"},"image":{"@id":"https:\/\/nordicon.fi\/et\/elamuteenused\/#primaryimage"},"thumbnailUrl":"https:\/\/nordicon.fi\/wp-content\/uploads\/2025\/09\/nordicon-featured-image-1.jpg","datePublished":"2025-08-25T09:24:25+00:00","dateModified":"2025-08-27T10:58:31+00:00","breadcrumb":{"@id":"https:\/\/nordicon.fi\/et\/elamuteenused\/#breadcrumb"},"inLanguage":"et","potentialAction":[{"@type":"ReadAction","target":["https:\/\/nordicon.fi\/et\/elamuteenused\/"]}]},{"@type":"ImageObject","inLanguage":"et","@id":"https:\/\/nordicon.fi\/et\/elamuteenused\/#primaryimage","url":"https:\/\/nordicon.fi\/wp-content\/uploads\/2025\/09\/nordicon-featured-image-1.jpg","contentUrl":"https:\/\/nordicon.fi\/wp-content\/uploads\/2025\/09\/nordicon-featured-image-1.jpg","width":1200,"height":628},{"@type":"BreadcrumbList","@id":"https:\/\/nordicon.fi\/et\/elamuteenused\/#breadcrumb","itemListElement":[{"@type":"ListItem","position":1,"name":"Home","item":"https:\/\/nordicon.fi\/et\/etusivu-uusi-22-9\/"},{"@type":"ListItem","position":2,"name":"ELAMUTEENUSED"}]},{"@type":"WebSite","@id":"https:\/\/nordicon.fi\/#website","url":"https:\/\/nordicon.fi\/","name":"Nordicon.fi","description":"Kiinteist\u00f6liiketoiminnan ketter\u00e4 moniosaaja !","potentialAction":[{"@type":"SearchAction","target":{"@type":"EntryPoint","urlTemplate":"https:\/\/nordicon.fi\/?s={search_term_string}"},"query-input":{"@type":"PropertyValueSpecification","valueRequired":true,"valueName":"search_term_string"}}],"inLanguage":"et"}]}},"_links":{"self":[{"href":"https:\/\/nordicon.fi\/et\/wp-json\/wp\/v2\/pages\/2115","targetHints":{"allow":["GET"]}}],"collection":[{"href":"https:\/\/nordicon.fi\/et\/wp-json\/wp\/v2\/pages"}],"about":[{"href":"https:\/\/nordicon.fi\/et\/wp-json\/wp\/v2\/types\/page"}],"author":[{"embeddable":true,"href":"https:\/\/nordicon.fi\/et\/wp-json\/wp\/v2\/users\/1"}],"replies":[{"embeddable":true,"href":"https:\/\/nordicon.fi\/et\/wp-json\/wp\/v2\/comments?post=2115"}],"version-history":[{"count":4,"href":"https:\/\/nordicon.fi\/et\/wp-json\/wp\/v2\/pages\/2115\/revisions"}],"predecessor-version":[{"id":2309,"href":"https:\/\/nordicon.fi\/et\/wp-json\/wp\/v2\/pages\/2115\/revisions\/2309"}],"wp:featuredmedia":[{"embeddable":true,"href":"https:\/\/nordicon.fi\/et\/wp-json\/wp\/v2\/media\/2857"}],"wp:attachment":[{"href":"https:\/\/nordicon.fi\/et\/wp-json\/wp\/v2\/media?parent=2115"}],"curies":[{"name":"wp","href":"https:\/\/api.w.org\/{rel}","templated":true}]}}