{"id":2176,"date":"2025-08-26T10:27:18","date_gmt":"2025-08-26T07:27:18","guid":{"rendered":"https:\/\/nordicon.fi\/ipasuma-vertesanas-pakalpojumi\/"},"modified":"2025-08-27T14:12:58","modified_gmt":"2025-08-27T11:12:58","slug":"ipasuma-vertesanas-pakalpojumi","status":"publish","type":"page","link":"https:\/\/nordicon.fi\/lv\/ipasuma-vertesanas-pakalpojumi\/","title":{"rendered":"\u012aPA\u0160UMA V\u0112RT\u0112\u0160ANAS PAKALPOJUMI"},"content":{"rendered":"<p>[et_pb_section fb_built=&#8221;1&#8243; next_background_color=&#8221;#f7f7f7&#8243; admin_label=&#8221;Hero Section&#8221; _builder_version=&#8221;4.16&#8243; use_background_color_gradient=&#8221;on&#8221; background_color_gradient_stops=&#8221;rgba(0,0,0,0.4) 0%|rgba(0,0,0,0.4) 100%&#8221; background_color_gradient_overlays_image=&#8221;on&#8221; background_color_gradient_start=&#8221;rgba(0,0,0,0.4)&#8221; background_color_gradient_end=&#8221;rgba(0,0,0,0.4)&#8221; background_image=&#8221;https:\/\/nordicon.fi\/wp-content\/uploads\/2019\/09\/asuntopalvelut-nordicon.jpg&#8221; background_position=&#8221;center_right&#8221; custom_padding=&#8221;10%||16%|&#8221; top_divider_height_tablet=&#8221;&#8221; top_divider_height_phone=&#8221;0px&#8221; top_divider_height_last_edited=&#8221;on|phone&#8221; bottom_divider_style=&#8221;slant&#8221; bottom_divider_height=&#8221;60px&#8221; background_color_gradient_stops_tablet=&#8221;rgba(0,0,0,0.4) 0%|rgba(0,0,0,0.4) 100%&#8221; background_color_gradient_stops_phone=&#8221;rgba(0,0,0,0.4) 0%|rgba(0,0,0,0.4) 100%&#8221; global_module=&#8221;46&#8243; saved_tabs=&#8221;all&#8221; global_colors_info=&#8221;{}&#8221; background_color_gradient_direction__hover=&#8221;180deg&#8221; background_color_gradient_direction__hover_enabled=&#8221;180deg&#8221; background_color_gradient_start_position__hover=&#8221;0%&#8221; background_color_gradient_start_position__hover_enabled=&#8221;0%&#8221; background_color_gradient_end_position__hover=&#8221;100%&#8221; background_color_gradient_end_position__hover_enabled=&#8221;100%&#8221; background_color_gradient_stops__hover=&#8221;rgba(0,0,0,0.4) 0%|rgba(0,0,0,0.4) 100%&#8221;][et_pb_row _builder_version=&#8221;4.16&#8243; global_colors_info=&#8221;{}&#8221;][et_pb_column type=&#8221;4_4&#8243; _builder_version=&#8221;4.16&#8243; custom_padding=&#8221;|||&#8221; global_colors_info=&#8221;{}&#8221; custom_padding__hover=&#8221;|||&#8221;][et_pb_text content_tablet=&#8221;<\/p>\n<h1>Pakalpojumi<\/h1>\n<h2>ar stabil\u0101m zin\u0101\u0161an\u0101m<\/h2>\n<p>&#8221; content_phone=&#8221;<\/p>\n<\/p>\n<h1>Pakalpojumi<\/h1>\n<h2>ar stabil\u0101m zin\u0101\u0161an\u0101m<\/h2>\n<\/p>\n<p>&#8221; content_last_edited=&#8221;on|phone&#8221; admin_label=&#8221;Hero Section Title&#8221; _builder_version=&#8221;4.16&#8243; text_font=&#8221;|||on|||||&#8221; text_font_size=&#8221;18px&#8221; header_text_align=&#8221;center&#8221; header_font_size=&#8221;48px&#8221; header_2_font=&#8221;Montserrat|700|||||||&#8221; header_2_text_color=&#8221;rgba(255,255,255,0.6)&#8221; header_2_font_size=&#8221;90px&#8221; custom_margin=&#8221;||60px|&#8221; text_font_size_last_edited=&#8221;off|phone&#8221; header_font_phone=&#8221;Montserrat|600||on|||||&#8221; header_font_size_phone=&#8221;35px&#8221; header_2_font_phone=&#8221;Montserrat|700||on|||||&#8221; header_2_text_align_phone=&#8221;center&#8221; header_2_font_size_tablet=&#8221;69px&#8221; header_2_font_size_phone=&#8221;18px&#8221; global_colors_info=&#8221;{}&#8221;]<\/p>\n<h1>Pakalpojumi<\/h1>\n<h2>ar stabil\u0101m zin\u0101\u0161an\u0101m<\/h2>\n<p>[\/et_pb_text][et_pb_button button_url=&#8221;https:\/\/nordicon.fi\/lv\/kontaktinformacija\/&#8221; button_text=&#8221;sazinieties ar mums&#8221; button_alignment=&#8221;center&#8221; _builder_version=&#8221;4.16&#8243; custom_button=&#8221;on&#8221; button_text_size=&#8221;16px&#8221; button_text_color=&#8221;#ffffff&#8221; button_bg_color=&#8221;#f16334&#8243; button_border_width=&#8221;0px&#8221; button_letter_spacing=&#8221;2px&#8221; button_font=&#8221;Montserrat|600||on|||||&#8221; custom_margin=&#8221;|||&#8221; custom_padding=&#8221;12px||12px|&#8221; animation_style=&#8221;fade&#8221; button_letter_spacing_hover=&#8221;2px&#8221; global_colors_info=&#8221;{}&#8221; button_text_size__hover_enabled=&#8221;off&#8221; button_one_text_size__hover_enabled=&#8221;off&#8221; button_two_text_size__hover_enabled=&#8221;off&#8221; button_text_color__hover_enabled=&#8221;off&#8221; button_one_text_color__hover_enabled=&#8221;off&#8221; button_two_text_color__hover_enabled=&#8221;off&#8221; button_border_width__hover_enabled=&#8221;off&#8221; button_one_border_width__hover_enabled=&#8221;off&#8221; button_two_border_width__hover_enabled=&#8221;off&#8221; button_border_color__hover_enabled=&#8221;off&#8221; button_one_border_color__hover_enabled=&#8221;off&#8221; button_two_border_color__hover_enabled=&#8221;off&#8221; button_border_radius__hover_enabled=&#8221;off&#8221; button_one_border_radius__hover_enabled=&#8221;off&#8221; button_two_border_radius__hover_enabled=&#8221;off&#8221; button_letter_spacing__hover_enabled=&#8221;on&#8221; button_letter_spacing__hover=&#8221;2px&#8221; button_one_letter_spacing__hover_enabled=&#8221;off&#8221; button_two_letter_spacing__hover_enabled=&#8221;off&#8221; button_bg_color__hover_enabled=&#8221;off&#8221; button_one_bg_color__hover_enabled=&#8221;off&#8221; button_two_bg_color__hover_enabled=&#8221;off&#8221;][\/et_pb_button][\/et_pb_column][\/et_pb_row][\/et_pb_section][et_pb_section fb_built=&#8221;1&#8243; disabled_on=&#8221;off|off|off&#8221; admin_label=&#8221;About Section&#8221; _builder_version=&#8221;4.16&#8243; background_color=&#8221;#f7f7f7&#8243; custom_padding=&#8221;90px||90px|&#8221; global_colors_info=&#8221;{}&#8221;][et_pb_row admin_label=&#8221;Section Title&#8221; _builder_version=&#8221;4.16&#8243; custom_margin=&#8221;|||&#8221; custom_padding=&#8221;27px|0px|27px|0px&#8221; locked=&#8221;off&#8221; global_colors_info=&#8221;{}&#8221;][et_pb_column type=&#8221;4_4&#8243; _builder_version=&#8221;4.16&#8243; custom_padding=&#8221;|||&#8221; global_colors_info=&#8221;{}&#8221; custom_padding__hover=&#8221;|||&#8221;][et_pb_text admin_label=&#8221;Title&#8221; _builder_version=&#8221;4.27.4&#8243; width=&#8221;100%&#8221; custom_padding=&#8221;||||false|false&#8221; hover_enabled=&#8221;0&#8243; global_colors_info=&#8221;{}&#8221; header_2_font_size=&#8221;30px&#8221; sticky_enabled=&#8221;0&#8243;]<\/p>\n<h2 style=\"text-align: left;\">\u012aPA\u0160UMA V\u0112RT\u0112\u0160ANAS PAKALPOJUMI<\/h2>\n<p>[\/et_pb_text][et_pb_divider show_divider=&#8221;off&#8221; _builder_version=&#8221;4.16&#8243; max_width=&#8221;23px&#8221; module_alignment=&#8221;center&#8221; animation_style=&#8221;slide&#8221; animation_direction=&#8221;top&#8221; animation_intensity_slide=&#8221;20%&#8221; animation_starting_opacity=&#8221;100%&#8221; global_colors_info=&#8221;{}&#8221;][\/et_pb_divider][et_pb_text content_last_edited=&#8221;off|desktop&#8221; admin_label=&#8221;Title&#8221; _builder_version=&#8221;4.27.4&#8243; custom_margin=&#8221;||40px|&#8221; hover_enabled=&#8221;0&#8243; global_colors_info=&#8221;{}&#8221; link_font=&#8221;||||on|||#0C71C3|&#8221; link_text_color=&#8221;#0C71C3&#8243; sticky_enabled=&#8221;0&#8243;]<\/p>\n<p style=\"text-align: left;\">M\u016bsu sadarb\u012bbas uz\u0146\u0113mums Suomen Kiinteist\u00f6arviointi Oy vis\u0101 valst\u012b sniedz nekustam\u0101 \u012bpa\u0161uma nov\u0113rt\u0113\u0161anas pakalpojumus.<\/p>\n<p style=\"text-align: left;\">Suomen Kiinteist\u00f6arviointi Oy sagatavo jums vis\u0101 valst\u012b der\u012bgus AKA un KHK v\u0113rt\u0113juma atzinumus par da\u017e\u0101diem dz\u012bvojamo un komerci\u0101lo telpu objektiem \u2013 no maz\u0101kiem l\u012bdz lieliem projektiem, k\u0101 ar\u012b saist\u012bb\u0101 ar da\u017e\u0101diem nekustam\u0101 \u012bpa\u0161uma portfe\u013ciem. Neatkar\u012bgi no t\u0101, vai jums nepiecie\u0161ams nekustam\u0101 \u012bpa\u0161uma v\u0113rt\u0113jums finans\u0113\u0161anas, nodok\u013cu, gr\u0101matved\u012bbas\/finan\u0161u p\u0101rskatu vai citu ar \u012bpa\u0161umu saist\u012btu l\u0113mumu pie\u0146em\u0161anai, Suomen Kiinteist\u00f6arviointi Oy sniedz pakalpojumus vis\u0101 Somij\u0101 un visos nekustam\u0101 \u012bpa\u0161uma sektoros. <\/p>\n<p style=\"text-align: left;\">Kontakti:<\/p>\n<p style=\"text-align: left;\">SUOMEN KIINTEIST\u00d6ARVIOINTI OY<\/p>\n<p style=\"text-align: left;\"><a href=\"https:\/\/www.kiinteistoarviointi.com\/\" target=\"_blank\" rel=\"noopener\">kiinteistoarviointi.com<\/a><\/p>\n<p style=\"text-align: left;\">[\/et_pb_text][\/et_pb_column][\/et_pb_row][\/et_pb_section][et_pb_section fb_built=&#8221;1&#8243; admin_label=&#8221;Footer Section&#8221; _builder_version=&#8221;4.16&#8243; background_image=&#8221;https:\/\/nordicon.fi\/wp-content\/uploads\/2020\/08\/construction-drawings.webp&#8221; background_position=&#8221;top_center&#8221; custom_padding=&#8221;90px||90px|&#8221; global_colors_info=&#8221;{}&#8221; theme_builder_area=&#8221;post_content&#8221;][et_pb_row admin_label=&#8221;Contact Form Area&#8221; _builder_version=&#8221;4.16&#8243; global_colors_info=&#8221;{}&#8221; theme_builder_area=&#8221;post_content&#8221;][et_pb_column type=&#8221;4_4&#8243; _builder_version=&#8221;4.16&#8243; custom_padding=&#8221;|||&#8221; global_colors_info=&#8221;{}&#8221; custom_padding__hover=&#8221;|||&#8221; theme_builder_area=&#8221;post_content&#8221;][et_pb_heading title=&#8221;SAZINIETIES&#8221; _builder_version=&#8221;4.27.4&#8243; _module_preset=&#8221;default&#8221; global_colors_info=&#8221;{}&#8221; theme_builder_area=&#8221;post_content&#8221;][\/et_pb_heading][et_pb_contact_form captcha=&#8221;off&#8221; email=&#8221;klaus.juhantalo@gmail.com,arto.merisalo@nordicon.fi&#8221; success_message=&#8221;Paldies par j\u016bsu zi\u0146u! Sazin\u0101simies ar jums dr\u012bz! &#8221; submit_button_text=&#8221;Nos\u016bt\u012bt&#8221; module_id=&#8221;et_pb_contact_form_0&#8243; _builder_version=&#8221;4.16&#8243; _unique_id=&#8221;5bb6c822-a2b7-43ca-a1b3-c842c10704e6&#8243; form_field_background_color=&#8221;#ffffff&#8221; form_field_font=&#8221;Montserrat|300|||||||&#8221; form_field_font_size=&#8221;16px&#8221; custom_button=&#8221;on&#8221; button_text_size=&#8221;16px&#8221; button_text_color=&#8221;#ffffff&#8221; button_bg_color=&#8221;#f16334&#8243; button_border_width=&#8221;8px&#8221; button_border_color=&#8221;#f16334&#8243; button_letter_spacing=&#8221;2px&#8221; button_font=&#8221;Montserrat|600||on|||||&#8221; animation_style=&#8221;fade&#8221; border_width_all=&#8221;1px&#8221; border_color_all=&#8221;rgba(0,0,0,0.12)&#8221; form_background_color=&#8221;#ffffff&#8221; global_colors_info=&#8221;{}&#8221; theme_builder_area=&#8221;post_content&#8221;][et_pb_contact_field field_id=&#8221;Nimi&#8221; field_title=&#8221;V\u0101rds&#8221; fullwidth_field=&#8221;on&#8221; _builder_version=&#8221;4.16&#8243; global_colors_info=&#8221;{}&#8221; button_text_size__hover_enabled=&#8221;off&#8221; button_one_text_size__hover_enabled=&#8221;off&#8221; button_two_text_size__hover_enabled=&#8221;off&#8221; button_text_color__hover_enabled=&#8221;off&#8221; button_one_text_color__hover_enabled=&#8221;off&#8221; button_two_text_color__hover_enabled=&#8221;off&#8221; button_border_width__hover_enabled=&#8221;off&#8221; button_one_border_width__hover_enabled=&#8221;off&#8221; button_two_border_width__hover_enabled=&#8221;off&#8221; button_border_color__hover_enabled=&#8221;off&#8221; button_one_border_color__hover_enabled=&#8221;off&#8221; button_two_border_color__hover_enabled=&#8221;off&#8221; button_border_radius__hover_enabled=&#8221;off&#8221; button_one_border_radius__hover_enabled=&#8221;off&#8221; button_two_border_radius__hover_enabled=&#8221;off&#8221; button_letter_spacing__hover_enabled=&#8221;off&#8221; button_one_letter_spacing__hover_enabled=&#8221;off&#8221; button_two_letter_spacing__hover_enabled=&#8221;off&#8221; button_bg_color__hover_enabled=&#8221;off&#8221; button_one_bg_color__hover_enabled=&#8221;off&#8221; button_two_bg_color__hover_enabled=&#8221;off&#8221; theme_builder_area=&#8221;post_content&#8221;][\/et_pb_contact_field][et_pb_contact_field field_id=&#8221;S\u00e4hk\u00f6posti&#8221; field_title=&#8221;E-pasts&#8221; field_type=&#8221;email&#8221; fullwidth_field=&#8221;on&#8221; _builder_version=&#8221;4.16&#8243; global_colors_info=&#8221;{}&#8221; button_text_size__hover_enabled=&#8221;off&#8221; button_one_text_size__hover_enabled=&#8221;off&#8221; button_two_text_size__hover_enabled=&#8221;off&#8221; button_text_color__hover_enabled=&#8221;off&#8221; button_one_text_color__hover_enabled=&#8221;off&#8221; button_two_text_color__hover_enabled=&#8221;off&#8221; button_border_width__hover_enabled=&#8221;off&#8221; button_one_border_width__hover_enabled=&#8221;off&#8221; button_two_border_width__hover_enabled=&#8221;off&#8221; button_border_color__hover_enabled=&#8221;off&#8221; button_one_border_color__hover_enabled=&#8221;off&#8221; button_two_border_color__hover_enabled=&#8221;off&#8221; button_border_radius__hover_enabled=&#8221;off&#8221; button_one_border_radius__hover_enabled=&#8221;off&#8221; button_two_border_radius__hover_enabled=&#8221;off&#8221; button_letter_spacing__hover_enabled=&#8221;off&#8221; button_one_letter_spacing__hover_enabled=&#8221;off&#8221; button_two_letter_spacing__hover_enabled=&#8221;off&#8221; button_bg_color__hover_enabled=&#8221;off&#8221; button_one_bg_color__hover_enabled=&#8221;off&#8221; button_two_bg_color__hover_enabled=&#8221;off&#8221; theme_builder_area=&#8221;post_content&#8221;][\/et_pb_contact_field][et_pb_contact_field field_id=&#8221;Aihe&#8221; field_title=&#8221;T\u0113ma&#8221; max_length=&#8221;71&#8243; fullwidth_field=&#8221;on&#8221; _builder_version=&#8221;4.16&#8243; global_colors_info=&#8221;{}&#8221; button_text_size__hover_enabled=&#8221;off&#8221; button_one_text_size__hover_enabled=&#8221;off&#8221; button_two_text_size__hover_enabled=&#8221;off&#8221; button_text_color__hover_enabled=&#8221;off&#8221; button_one_text_color__hover_enabled=&#8221;off&#8221; button_two_text_color__hover_enabled=&#8221;off&#8221; button_border_width__hover_enabled=&#8221;off&#8221; button_one_border_width__hover_enabled=&#8221;off&#8221; button_two_border_width__hover_enabled=&#8221;off&#8221; button_border_color__hover_enabled=&#8221;off&#8221; button_one_border_color__hover_enabled=&#8221;off&#8221; button_two_border_color__hover_enabled=&#8221;off&#8221; button_border_radius__hover_enabled=&#8221;off&#8221; button_one_border_radius__hover_enabled=&#8221;off&#8221; button_two_border_radius__hover_enabled=&#8221;off&#8221; button_letter_spacing__hover_enabled=&#8221;off&#8221; button_one_letter_spacing__hover_enabled=&#8221;off&#8221; button_two_letter_spacing__hover_enabled=&#8221;off&#8221; button_bg_color__hover_enabled=&#8221;off&#8221; button_one_bg_color__hover_enabled=&#8221;off&#8221; button_two_bg_color__hover_enabled=&#8221;off&#8221; theme_builder_area=&#8221;post_content&#8221;][\/et_pb_contact_field][et_pb_contact_field field_id=&#8221;Viesti&#8221; field_title=&#8221;Zi\u0146ojums&#8221; field_type=&#8221;text&#8221; fullwidth_field=&#8221;on&#8221; _builder_version=&#8221;4.16&#8243; global_colors_info=&#8221;{}&#8221; button_text_size__hover_enabled=&#8221;off&#8221; button_one_text_size__hover_enabled=&#8221;off&#8221; button_two_text_size__hover_enabled=&#8221;off&#8221; button_text_color__hover_enabled=&#8221;off&#8221; button_one_text_color__hover_enabled=&#8221;off&#8221; button_two_text_color__hover_enabled=&#8221;off&#8221; button_border_width__hover_enabled=&#8221;off&#8221; button_one_border_width__hover_enabled=&#8221;off&#8221; button_two_border_width__hover_enabled=&#8221;off&#8221; button_border_color__hover_enabled=&#8221;off&#8221; button_one_border_color__hover_enabled=&#8221;off&#8221; button_two_border_color__hover_enabled=&#8221;off&#8221; button_border_radius__hover_enabled=&#8221;off&#8221; button_one_border_radius__hover_enabled=&#8221;off&#8221; button_two_border_radius__hover_enabled=&#8221;off&#8221; button_letter_spacing__hover_enabled=&#8221;off&#8221; button_one_letter_spacing__hover_enabled=&#8221;off&#8221; button_two_letter_spacing__hover_enabled=&#8221;off&#8221; button_bg_color__hover_enabled=&#8221;off&#8221; button_one_bg_color__hover_enabled=&#8221;off&#8221; button_two_bg_color__hover_enabled=&#8221;off&#8221; theme_builder_area=&#8221;post_content&#8221;][\/et_pb_contact_field][\/et_pb_contact_form][\/et_pb_column][\/et_pb_row][\/et_pb_section]<\/p>\n","protected":false},"excerpt":{"rendered":"<p>Pakalpojumi ar stabil\u0101m zin\u0101\u0161an\u0101m\u012aPA\u0160UMA V\u0112RT\u0112\u0160ANAS PAKALPOJUMIM\u016bsu sadarb\u012bbas uz\u0146\u0113mums Suomen Kiinteist\u00f6arviointi Oy vis\u0101 valst\u012b sniedz nekustam\u0101 \u012bpa\u0161uma nov\u0113rt\u0113\u0161anas pakalpojumus. Suomen Kiinteist\u00f6arviointi Oy sagatavo jums vis\u0101 valst\u012b der\u012bgus AKA un KHK v\u0113rt\u0113juma atzinumus par da\u017e\u0101diem dz\u012bvojamo un komerci\u0101lo telpu objektiem \u2013 no maz\u0101kiem l\u012bdz lieliem projektiem, k\u0101 ar\u012b saist\u012bb\u0101 ar da\u017e\u0101diem nekustam\u0101 \u012bpa\u0161uma portfe\u013ciem. Neatkar\u012bgi no t\u0101, [&hellip;]<\/p>\n","protected":false},"author":1,"featured_media":2859,"parent":0,"menu_order":0,"comment_status":"closed","ping_status":"closed","template":"","meta":{"_et_pb_use_builder":"on","_et_pb_old_content":"","_et_gb_content_width":"","footnotes":""},"class_list":["post-2176","page","type-page","status-publish","has-post-thumbnail","hentry"],"yoast_head":"<!-- This site is optimized with the Yoast SEO plugin v27.5 - https:\/\/yoast.com\/product\/yoast-seo-wordpress\/ -->\n<title>\u012aPA\u0160UMA V\u0112RT\u0112\u0160ANAS PAKALPOJUMI - Nordicon.fi<\/title>\n<meta name=\"robots\" content=\"index, follow, max-snippet:-1, max-image-preview:large, max-video-preview:-1\" \/>\n<link rel=\"canonical\" href=\"https:\/\/nordicon.fi\/lv\/ipasuma-vertesanas-pakalpojumi\/\" \/>\n<meta property=\"og:locale\" content=\"lv_LV\" \/>\n<meta property=\"og:type\" content=\"article\" \/>\n<meta property=\"og:title\" content=\"\u012aPA\u0160UMA V\u0112RT\u0112\u0160ANAS PAKALPOJUMI - Nordicon.fi\" \/>\n<meta property=\"og:description\" content=\"Pakalpojumi ar stabil\u0101m zin\u0101\u0161an\u0101m\u012aPA\u0160UMA V\u0112RT\u0112\u0160ANAS PAKALPOJUMIM\u016bsu sadarb\u012bbas uz\u0146\u0113mums Suomen Kiinteist\u00f6arviointi Oy vis\u0101 valst\u012b sniedz nekustam\u0101 \u012bpa\u0161uma nov\u0113rt\u0113\u0161anas pakalpojumus. Suomen Kiinteist\u00f6arviointi Oy sagatavo jums vis\u0101 valst\u012b der\u012bgus AKA un KHK v\u0113rt\u0113juma atzinumus par da\u017e\u0101diem dz\u012bvojamo un komerci\u0101lo telpu objektiem \u2013 no maz\u0101kiem l\u012bdz lieliem projektiem, k\u0101 ar\u012b saist\u012bb\u0101 ar da\u017e\u0101diem nekustam\u0101 \u012bpa\u0161uma portfe\u013ciem. Neatkar\u012bgi no t\u0101, [&hellip;]\" \/>\n<meta property=\"og:url\" content=\"https:\/\/nordicon.fi\/lv\/ipasuma-vertesanas-pakalpojumi\/\" \/>\n<meta property=\"og:site_name\" content=\"Nordicon.fi\" \/>\n<meta property=\"article:modified_time\" content=\"2025-08-27T11:12:58+00:00\" \/>\n<meta name=\"twitter:card\" content=\"summary_large_image\" \/>\n<meta name=\"twitter:label1\" content=\"Est. reading time\" \/>\n\t<meta name=\"twitter:data1\" content=\"9 minutes\" \/>\n<script type=\"application\/ld+json\" class=\"yoast-schema-graph\">{\"@context\":\"https:\\\/\\\/schema.org\",\"@graph\":[{\"@type\":\"WebPage\",\"@id\":\"https:\\\/\\\/nordicon.fi\\\/lv\\\/ipasuma-vertesanas-pakalpojumi\\\/\",\"url\":\"https:\\\/\\\/nordicon.fi\\\/lv\\\/ipasuma-vertesanas-pakalpojumi\\\/\",\"name\":\"\u012aPA\u0160UMA V\u0112RT\u0112\u0160ANAS PAKALPOJUMI - Nordicon.fi\",\"isPartOf\":{\"@id\":\"https:\\\/\\\/nordicon.fi\\\/#website\"},\"primaryImageOfPage\":{\"@id\":\"https:\\\/\\\/nordicon.fi\\\/lv\\\/ipasuma-vertesanas-pakalpojumi\\\/#primaryimage\"},\"image\":{\"@id\":\"https:\\\/\\\/nordicon.fi\\\/lv\\\/ipasuma-vertesanas-pakalpojumi\\\/#primaryimage\"},\"thumbnailUrl\":\"https:\\\/\\\/nordicon.fi\\\/wp-content\\\/uploads\\\/2025\\\/09\\\/nordicon-featured-image-1.jpg\",\"datePublished\":\"2025-08-26T07:27:18+00:00\",\"dateModified\":\"2025-08-27T11:12:58+00:00\",\"breadcrumb\":{\"@id\":\"https:\\\/\\\/nordicon.fi\\\/lv\\\/ipasuma-vertesanas-pakalpojumi\\\/#breadcrumb\"},\"inLanguage\":\"lv-LV\",\"potentialAction\":[{\"@type\":\"ReadAction\",\"target\":[\"https:\\\/\\\/nordicon.fi\\\/lv\\\/ipasuma-vertesanas-pakalpojumi\\\/\"]}]},{\"@type\":\"ImageObject\",\"inLanguage\":\"lv-LV\",\"@id\":\"https:\\\/\\\/nordicon.fi\\\/lv\\\/ipasuma-vertesanas-pakalpojumi\\\/#primaryimage\",\"url\":\"https:\\\/\\\/nordicon.fi\\\/wp-content\\\/uploads\\\/2025\\\/09\\\/nordicon-featured-image-1.jpg\",\"contentUrl\":\"https:\\\/\\\/nordicon.fi\\\/wp-content\\\/uploads\\\/2025\\\/09\\\/nordicon-featured-image-1.jpg\",\"width\":1200,\"height\":628},{\"@type\":\"BreadcrumbList\",\"@id\":\"https:\\\/\\\/nordicon.fi\\\/lv\\\/ipasuma-vertesanas-pakalpojumi\\\/#breadcrumb\",\"itemListElement\":[{\"@type\":\"ListItem\",\"position\":1,\"name\":\"Home\",\"item\":\"https:\\\/\\\/nordicon.fi\\\/lv\\\/etusivu-uusi-22-9\\\/\"},{\"@type\":\"ListItem\",\"position\":2,\"name\":\"\u012aPA\u0160UMA V\u0112RT\u0112\u0160ANAS PAKALPOJUMI\"}]},{\"@type\":\"WebSite\",\"@id\":\"https:\\\/\\\/nordicon.fi\\\/#website\",\"url\":\"https:\\\/\\\/nordicon.fi\\\/\",\"name\":\"Nordicon.fi\",\"description\":\"Kiinteist\u00f6liiketoiminnan ketter\u00e4 moniosaaja !\",\"potentialAction\":[{\"@type\":\"SearchAction\",\"target\":{\"@type\":\"EntryPoint\",\"urlTemplate\":\"https:\\\/\\\/nordicon.fi\\\/?s={search_term_string}\"},\"query-input\":{\"@type\":\"PropertyValueSpecification\",\"valueRequired\":true,\"valueName\":\"search_term_string\"}}],\"inLanguage\":\"lv-LV\"}]}<\/script>\n<!-- \/ Yoast SEO plugin. -->","yoast_head_json":{"title":"\u012aPA\u0160UMA V\u0112RT\u0112\u0160ANAS PAKALPOJUMI - Nordicon.fi","robots":{"index":"index","follow":"follow","max-snippet":"max-snippet:-1","max-image-preview":"max-image-preview:large","max-video-preview":"max-video-preview:-1"},"canonical":"https:\/\/nordicon.fi\/lv\/ipasuma-vertesanas-pakalpojumi\/","og_locale":"lv_LV","og_type":"article","og_title":"\u012aPA\u0160UMA V\u0112RT\u0112\u0160ANAS PAKALPOJUMI - Nordicon.fi","og_description":"Pakalpojumi ar stabil\u0101m zin\u0101\u0161an\u0101m\u012aPA\u0160UMA V\u0112RT\u0112\u0160ANAS PAKALPOJUMIM\u016bsu sadarb\u012bbas uz\u0146\u0113mums Suomen Kiinteist\u00f6arviointi Oy vis\u0101 valst\u012b sniedz nekustam\u0101 \u012bpa\u0161uma nov\u0113rt\u0113\u0161anas pakalpojumus. Suomen Kiinteist\u00f6arviointi Oy sagatavo jums vis\u0101 valst\u012b der\u012bgus AKA un KHK v\u0113rt\u0113juma atzinumus par da\u017e\u0101diem dz\u012bvojamo un komerci\u0101lo telpu objektiem \u2013 no maz\u0101kiem l\u012bdz lieliem projektiem, k\u0101 ar\u012b saist\u012bb\u0101 ar da\u017e\u0101diem nekustam\u0101 \u012bpa\u0161uma portfe\u013ciem. Neatkar\u012bgi no t\u0101, [&hellip;]","og_url":"https:\/\/nordicon.fi\/lv\/ipasuma-vertesanas-pakalpojumi\/","og_site_name":"Nordicon.fi","article_modified_time":"2025-08-27T11:12:58+00:00","twitter_card":"summary_large_image","twitter_misc":{"Est. reading time":"9 minutes"},"schema":{"@context":"https:\/\/schema.org","@graph":[{"@type":"WebPage","@id":"https:\/\/nordicon.fi\/lv\/ipasuma-vertesanas-pakalpojumi\/","url":"https:\/\/nordicon.fi\/lv\/ipasuma-vertesanas-pakalpojumi\/","name":"\u012aPA\u0160UMA V\u0112RT\u0112\u0160ANAS PAKALPOJUMI - Nordicon.fi","isPartOf":{"@id":"https:\/\/nordicon.fi\/#website"},"primaryImageOfPage":{"@id":"https:\/\/nordicon.fi\/lv\/ipasuma-vertesanas-pakalpojumi\/#primaryimage"},"image":{"@id":"https:\/\/nordicon.fi\/lv\/ipasuma-vertesanas-pakalpojumi\/#primaryimage"},"thumbnailUrl":"https:\/\/nordicon.fi\/wp-content\/uploads\/2025\/09\/nordicon-featured-image-1.jpg","datePublished":"2025-08-26T07:27:18+00:00","dateModified":"2025-08-27T11:12:58+00:00","breadcrumb":{"@id":"https:\/\/nordicon.fi\/lv\/ipasuma-vertesanas-pakalpojumi\/#breadcrumb"},"inLanguage":"lv-LV","potentialAction":[{"@type":"ReadAction","target":["https:\/\/nordicon.fi\/lv\/ipasuma-vertesanas-pakalpojumi\/"]}]},{"@type":"ImageObject","inLanguage":"lv-LV","@id":"https:\/\/nordicon.fi\/lv\/ipasuma-vertesanas-pakalpojumi\/#primaryimage","url":"https:\/\/nordicon.fi\/wp-content\/uploads\/2025\/09\/nordicon-featured-image-1.jpg","contentUrl":"https:\/\/nordicon.fi\/wp-content\/uploads\/2025\/09\/nordicon-featured-image-1.jpg","width":1200,"height":628},{"@type":"BreadcrumbList","@id":"https:\/\/nordicon.fi\/lv\/ipasuma-vertesanas-pakalpojumi\/#breadcrumb","itemListElement":[{"@type":"ListItem","position":1,"name":"Home","item":"https:\/\/nordicon.fi\/lv\/etusivu-uusi-22-9\/"},{"@type":"ListItem","position":2,"name":"\u012aPA\u0160UMA V\u0112RT\u0112\u0160ANAS PAKALPOJUMI"}]},{"@type":"WebSite","@id":"https:\/\/nordicon.fi\/#website","url":"https:\/\/nordicon.fi\/","name":"Nordicon.fi","description":"Kiinteist\u00f6liiketoiminnan ketter\u00e4 moniosaaja !","potentialAction":[{"@type":"SearchAction","target":{"@type":"EntryPoint","urlTemplate":"https:\/\/nordicon.fi\/?s={search_term_string}"},"query-input":{"@type":"PropertyValueSpecification","valueRequired":true,"valueName":"search_term_string"}}],"inLanguage":"lv-LV"}]}},"_links":{"self":[{"href":"https:\/\/nordicon.fi\/lv\/wp-json\/wp\/v2\/pages\/2176","targetHints":{"allow":["GET"]}}],"collection":[{"href":"https:\/\/nordicon.fi\/lv\/wp-json\/wp\/v2\/pages"}],"about":[{"href":"https:\/\/nordicon.fi\/lv\/wp-json\/wp\/v2\/types\/page"}],"author":[{"embeddable":true,"href":"https:\/\/nordicon.fi\/lv\/wp-json\/wp\/v2\/users\/1"}],"replies":[{"embeddable":true,"href":"https:\/\/nordicon.fi\/lv\/wp-json\/wp\/v2\/comments?post=2176"}],"version-history":[{"count":4,"href":"https:\/\/nordicon.fi\/lv\/wp-json\/wp\/v2\/pages\/2176\/revisions"}],"predecessor-version":[{"id":2313,"href":"https:\/\/nordicon.fi\/lv\/wp-json\/wp\/v2\/pages\/2176\/revisions\/2313"}],"wp:featuredmedia":[{"embeddable":true,"href":"https:\/\/nordicon.fi\/lv\/wp-json\/wp\/v2\/media\/2859"}],"wp:attachment":[{"href":"https:\/\/nordicon.fi\/lv\/wp-json\/wp\/v2\/media?parent=2176"}],"curies":[{"name":"wp","href":"https:\/\/api.w.org\/{rel}","templated":true}]}}